{"id":14021,"date":"2025-02-17T17:55:58","date_gmt":"2025-02-17T15:55:58","guid":{"rendered":"https:\/\/zbranebudai.sk\/product\/cielnik-fosforeskujuci-61-slim-39087\/"},"modified":"2026-04-16T05:36:54","modified_gmt":"2026-04-16T03:36:54","slug":"foszforeszkalo-kalcinalo-61-vekony-39087","status":"publish","type":"product","link":"https:\/\/zbranebudai.sk\/hu\/product\/cielnik-fosforeskujuci-61-slim-39087\/","title":{"rendered":"Foszforeszk\u00e1l\u00f3 c\u00e9lt\u00e1bla 6,1 v\u00e9kony (39087)"},"content":{"rendered":"","protected":false},"excerpt":{"rendered":"<p>Foszforeszk\u00e1l\u00f3 ac\u00e9l c\u00e9lt\u00e1bla standard a G42 \u00e9s G43 eset\u00e9ben, cs\u00f6kkentett a G36 eset\u00e9ben (standard 6,9 mm).<\/p>","protected":false},"featured_media":7830,"template":"","meta":{"_gspb_post_css":""},"product_brand":[],"product_cat":[1908,1913,1864,1820],"product_tag":[],"class_list":{"0":"post-14021","1":"product","2":"type-product","3":"status-publish","4":"has-post-thumbnail","6":"product_cat-glock-prislusenstvo","7":"product_cat-mieridla-glock","8":"product_cat-pistole-zbrane-b-c","9":"product_cat-zbrane-b-c","11":"first","12":"instock","13":"taxable","14":"shipping-taxable","15":"purchasable","16":"product-type-simple"},"ct_brands":[],"_links":{"self":[{"href":"https:\/\/zbranebudai.sk\/hu\/wp-json\/wp\/v2\/product\/14021","targetHints":{"allow":["GET"]}}],"collection":[{"href":"https:\/\/zbranebudai.sk\/hu\/wp-json\/wp\/v2\/product"}],"about":[{"href":"https:\/\/zbranebudai.sk\/hu\/wp-json\/wp\/v2\/types\/product"}],"wp:featuredmedia":[{"embeddable":true,"href":"https:\/\/zbranebudai.sk\/hu\/wp-json\/wp\/v2\/media\/7830"}],"wp:attachment":[{"href":"https:\/\/zbranebudai.sk\/hu\/wp-json\/wp\/v2\/media?parent=14021"}],"wp:term":[{"taxonomy":"product_brand","embeddable":true,"href":"https:\/\/zbranebudai.sk\/hu\/wp-json\/wp\/v2\/product_brand?post=14021"},{"taxonomy":"product_cat","embeddable":true,"href":"https:\/\/zbranebudai.sk\/hu\/wp-json\/wp\/v2\/product_cat?post=14021"},{"taxonomy":"product_tag","embeddable":true,"href":"https:\/\/zbranebudai.sk\/hu\/wp-json\/wp\/v2\/product_tag?post=14021"}],"curies":[{"name":"wp","href":"https:\/\/api.w.org\/{rel}","templated":true}]}}