{"id":14016,"date":"2025-02-17T17:55:57","date_gmt":"2025-02-17T15:55:57","guid":{"rendered":"https:\/\/zbranebudai.sk\/product\/sako-trg-42-a1-kal-338lapuamag-tungsetn-cerakote-ns-pho-fs-27in-mt18x1\/"},"modified":"2026-04-16T05:44:05","modified_gmt":"2026-04-16T03:44:05","slug":"zako-negyzet-42-a1-cal-338lapuamag-tungsetn-cerakote-ns-pho-fs-27in-mt18x1","status":"publish","type":"product","link":"https:\/\/zbranebudai.sk\/hu\/product\/sako-trg-42-a1-kal-338lapuamag-tungsetn-cerakote-ns-pho-fs-27in-mt18x1\/","title":{"rendered":"Sako TRG 42 A1, cal. .338LapuaMag., Tungsetn Cerakote (NS PHO FS 27in MT18x1)"},"content":{"rendered":"<p>PARAM\u00c9TEREK:<\/p>\n<p>Cs\u0151hossz: 690 mm (27 in)<br \/>\nCs\u0151\u00e1tm\u00e9r\u0151: 22 mm<br \/>\nTeljes hossz: 1204 mm<br \/>\nT\u00e1lcakapacit\u00e1s: 5<br \/>\nHord\u00f3 oszt\u00e1s: 1:10<br \/>\nPicatinny s\u00edn: igen<br \/>\nAnyag: foszf\u00e1tozott ac\u00e9l, alum\u00ednium<br \/>\n\u00c1llom\u00e1ny: \u00f6sszecsukhat\u00f3<br \/>\nS\u00faly: 6 kg<\/p>\n<p>CSOMAG TARTALMA:<\/p>\n<p>1x kab\u00e1t TRG 42 A1<br \/>\n1x F\u00e9m sapka a cs\u0151menethez<br \/>\n3x M-bow pikatinny s\u00edn (2x r\u00f6vid, 1x hossz\u00fa)\u00a0<br \/>\n1x sz\u00edjhurok r\u00f6gz\u00edt\u0151 alap<br \/>\n2x Pisztolymarkolat h\u00e1t (S, L m\u00e9ret)<br \/>\n1x Sz\u00e9tszerel\u0151 szersz\u00e1m<br \/>\n1x zsan\u00e9r sz\u00e9tszerel\u0151 szersz\u00e1m<br \/>\n1x lyukdug\u00f3 k\u00e9szlet<br \/>\n1x imbuszkulcs-k\u00e9szlet<\/p>\n<p>B\u0151vebben a www.sako.fi\/rifles\/sako-trg\/trg-2242-a1 oldalon.<\/p>","protected":false},"excerpt":{"rendered":"<p>A SAKO TRG 42 egy igaz\u00e1n prec\u00edzi\u00f3s m\u0171szer, amelyet hossz\u00fa t\u00e1v\u00fa versenyekre, valamint rend\u0151rs\u00e9gi \u00e9s katonai szakemberek sz\u00e1m\u00e1ra terveztek. A fegyver sz\u00e1mos tartoz\u00e9kkal felszerelhet\u0151, hogy a legig\u00e9nyesebb k\u00f6vetelm\u00e9nyeknek is megfeleljen. Teljesen \u00e1ll\u00edthat\u00f3, high-tech alum\u00edniummal meger\u0151s\u00edtett sz\u00e1r. Be\u00e9p\u00edtett szerel\u0151s\u00ednek 17 mm-es tengelyt\u00e1vols\u00e1ggal, be\u00e9p\u00edtett visszar\u00fag\u00e1sg\u00e1tl\u00f3kkal. A tov\u00e1bbfejlesztett ravaszmechanizmus ergonomikusan elhelyezett biztos\u00edt\u00e9kot tartalmaz a k\u00f6nny\u0171 \u00e9s gyors m\u0171k\u00f6dtet\u00e9s \u00e9rdek\u00e9ben. A tov\u00e1bbfejlesztett reteszfoganty\u00fa r\u00f6gz\u00edt\u00e9s lehet\u0151v\u00e9 teszi a legdurv\u00e1bb kezel\u00e9st is.<\/p>","protected":false},"featured_media":7820,"template":"","meta":{"_gspb_post_css":""},"product_brand":[],"product_cat":[1821,1822,1968,1983,1820],"product_tag":[],"class_list":{"0":"post-14016","1":"product","2":"type-product","3":"status-publish","4":"has-post-thumbnail","6":"product_cat-gulovnice-zbrane-b-c","7":"product_cat-sako","8":"product_cat-sako-trg","9":"product_cat-trg-42-a1","10":"product_cat-zbrane-b-c","12":"first","13":"outofstock","14":"taxable","15":"shipping-taxable","16":"purchasable","17":"product-type-simple"},"ct_brands":[],"_links":{"self":[{"href":"https:\/\/zbranebudai.sk\/hu\/wp-json\/wp\/v2\/product\/14016","targetHints":{"allow":["GET"]}}],"collection":[{"href":"https:\/\/zbranebudai.sk\/hu\/wp-json\/wp\/v2\/product"}],"about":[{"href":"https:\/\/zbranebudai.sk\/hu\/wp-json\/wp\/v2\/types\/product"}],"wp:featuredmedia":[{"embeddable":true,"href":"https:\/\/zbranebudai.sk\/hu\/wp-json\/wp\/v2\/media\/7820"}],"wp:attachment":[{"href":"https:\/\/zbranebudai.sk\/hu\/wp-json\/wp\/v2\/media?parent=14016"}],"wp:term":[{"taxonomy":"product_brand","embeddable":true,"href":"https:\/\/zbranebudai.sk\/hu\/wp-json\/wp\/v2\/product_brand?post=14016"},{"taxonomy":"product_cat","embeddable":true,"href":"https:\/\/zbranebudai.sk\/hu\/wp-json\/wp\/v2\/product_cat?post=14016"},{"taxonomy":"product_tag","embeddable":true,"href":"https:\/\/zbranebudai.sk\/hu\/wp-json\/wp\/v2\/product_tag?post=14016"}],"curies":[{"name":"wp","href":"https:\/\/api.w.org\/{rel}","templated":true}]}}