{"id":14013,"date":"2025-02-17T17:55:57","date_gmt":"2025-02-17T15:55:57","guid":{"rendered":"https:\/\/zbranebudai.sk\/product\/pazba-g28-nastavitelna-green-brown\/"},"modified":"2026-04-16T04:10:54","modified_gmt":"2026-04-16T02:10:54","slug":"g28-allithato-zold-barna","status":"publish","type":"product","link":"https:\/\/zbranebudai.sk\/hu\/product\/pazba-g28-nastavitelna-green-brown\/","title":{"rendered":"Rakt\u00e1rk\u00e9szlet G28 \u00e1ll\u00edthat\u00f3 Z\u00d6LD BROWN"},"content":{"rendered":"","protected":false},"excerpt":{"rendered":"<p>\u00c1ll\u00edthat\u00f3 k\u00e9szlet a HK MR308-hoz.<\/p>","protected":false},"featured_media":7814,"template":"","meta":{"_gspb_post_css":""},"product_brand":[],"product_cat":[1821,1867,1932,1820],"product_tag":[],"class_list":{"0":"post-14013","1":"product","2":"type-product","3":"status-publish","4":"has-post-thumbnail","6":"product_cat-gulovnice-zbrane-b-c","7":"product_cat-heckler-koch-gulovnice-zbrane-b-c","8":"product_cat-prislusenstvo-hk","9":"product_cat-zbrane-b-c","11":"first","12":"outofstock","13":"taxable","14":"shipping-taxable","15":"purchasable","16":"product-type-simple"},"ct_brands":[],"_links":{"self":[{"href":"https:\/\/zbranebudai.sk\/hu\/wp-json\/wp\/v2\/product\/14013","targetHints":{"allow":["GET"]}}],"collection":[{"href":"https:\/\/zbranebudai.sk\/hu\/wp-json\/wp\/v2\/product"}],"about":[{"href":"https:\/\/zbranebudai.sk\/hu\/wp-json\/wp\/v2\/types\/product"}],"wp:featuredmedia":[{"embeddable":true,"href":"https:\/\/zbranebudai.sk\/hu\/wp-json\/wp\/v2\/media\/7814"}],"wp:attachment":[{"href":"https:\/\/zbranebudai.sk\/hu\/wp-json\/wp\/v2\/media?parent=14013"}],"wp:term":[{"taxonomy":"product_brand","embeddable":true,"href":"https:\/\/zbranebudai.sk\/hu\/wp-json\/wp\/v2\/product_brand?post=14013"},{"taxonomy":"product_cat","embeddable":true,"href":"https:\/\/zbranebudai.sk\/hu\/wp-json\/wp\/v2\/product_cat?post=14013"},{"taxonomy":"product_tag","embeddable":true,"href":"https:\/\/zbranebudai.sk\/hu\/wp-json\/wp\/v2\/product_tag?post=14013"}],"curies":[{"name":"wp","href":"https:\/\/api.w.org\/{rel}","templated":true}]}}