{"id":14006,"date":"2025-02-17T17:55:55","date_gmt":"2025-02-17T15:55:55","guid":{"rendered":"https:\/\/zbranebudai.sk\/product\/ruger-sr1911-target-6736-kal-45-auto\/"},"modified":"2026-04-23T06:27:19","modified_gmt":"2026-04-23T04:27:19","slug":"ruger-sr1911-target-6736-cal-45-auto","status":"publish","type":"product","link":"https:\/\/zbranebudai.sk\/hu\/product\/ruger-sr1911-target-6736-kal-45-auto\/","title":{"rendered":"Ruger SR1911 Target 6736, cal. .45 Auto"},"content":{"rendered":"<p>PARAM\u00c9TEREK:<\/p>\n<p>T\u00e1lcakapacit\u00e1s: 8<br \/>\nCs\u0151hossz: 127 mm (5\u2033)<br \/>\nTeljes hossz: 220 mm<br \/>\nSz\u00e9less\u00e9g: 37 mm<br \/>\nMagass\u00e1g: 138 mm<br \/>\nCs\u0151oszt\u00e1s: 1:16\u2033 RH<br \/>\nS\u00faly: 1,1 kg<\/p>","protected":false},"excerpt":{"rendered":"<p>A Ruger SR1911 Target 6736 egy f\u00e9lautomata .45 Auto kaliber\u0171, 1911-es st\u00edlus\u00fa pisztoly, amely pontoss\u00e1g\u00e1r\u00f3l \u00e9s megb\u00edzhat\u00f3s\u00e1g\u00e1r\u00f3l ismert. Prec\u00edzi\u00f3s kivitelez\u00e9ssel, rozsdamentes ac\u00e9lcs\u0151vel \u00e9s k\u00f6nny\u0171 alum\u00ednium konstrukci\u00f3val rendelkezik, hagyom\u00e1nyos kivitelben, matt rozsdamentes kivitelben, cser\u00e9lhet\u0151 Deluxe Checkered G10 markolatpanelekkel \u00e9s h\u00e1ts\u00f3 r\u00e9sz\u00e9n sakkt\u00e1bl\u00e1zattal. A csontv\u00e1zas alum\u00ednium ravasz nagyon \u00e9les, k\u00f6nny\u0171 fog\u00e1st biztos\u00edt gyors vissza\u00e1ll\u00edt\u00e1ssal. A Ruger SR1911 Target 6736 \u00e1ll\u00edthat\u00f3 c\u00e9lt\u00e1vcs\u0151vel, k\u00e9tkezes k\u00e9zi biztos\u00edt\u00f3val, markolatbiztos\u00edt\u00e1ssal, t\u00f6lt\u00f6tt t\u00e1rjelz\u0151vel \u00e9s tit\u00e1nb\u00f3l k\u00e9sz\u00fclt \u00fct\u0151szeggel ell\u00e1tott, csontv\u00e1zas kalap\u00e1ccsal rendelkezik. Tartalmaz 2 rozsdamentes ac\u00e9l t\u00e1rat. Ruger GP100 1715 revolver rozsdamentes ac\u00e9lb\u00f3l, 3\"-os cs\u0151vel \u00e9s kett\u0151s m\u0171k\u00f6d\u00e9s\u0171 ravaszszerkezettel. K\u00e9nyelmes fekete gumib\u00f3l k\u00e9sz\u00fclt markolat k\u00f6nnyen levehet\u0151 \u00e9s m\u00e1s markolattal, vagy egyedi markolattal cser\u00e9lhet\u0151.<\/p>","protected":false},"featured_media":7797,"template":"","meta":{"_gspb_post_css":""},"product_brand":[],"product_cat":[1864,1877,1927,1820],"product_tag":[],"class_list":{"0":"post-14006","1":"product","2":"type-product","3":"status-publish","4":"has-post-thumbnail","6":"product_cat-pistole-zbrane-b-c","7":"product_cat-ruger-pistole-zbrane-b-c","8":"product_cat-sr1911","9":"product_cat-zbrane-b-c","11":"first","12":"outofstock","13":"taxable","14":"shipping-taxable","15":"purchasable","16":"product-type-simple"},"ct_brands":[],"_links":{"self":[{"href":"https:\/\/zbranebudai.sk\/hu\/wp-json\/wp\/v2\/product\/14006","targetHints":{"allow":["GET"]}}],"collection":[{"href":"https:\/\/zbranebudai.sk\/hu\/wp-json\/wp\/v2\/product"}],"about":[{"href":"https:\/\/zbranebudai.sk\/hu\/wp-json\/wp\/v2\/types\/product"}],"wp:featuredmedia":[{"embeddable":true,"href":"https:\/\/zbranebudai.sk\/hu\/wp-json\/wp\/v2\/media\/7797"}],"wp:attachment":[{"href":"https:\/\/zbranebudai.sk\/hu\/wp-json\/wp\/v2\/media?parent=14006"}],"wp:term":[{"taxonomy":"product_brand","embeddable":true,"href":"https:\/\/zbranebudai.sk\/hu\/wp-json\/wp\/v2\/product_brand?post=14006"},{"taxonomy":"product_cat","embeddable":true,"href":"https:\/\/zbranebudai.sk\/hu\/wp-json\/wp\/v2\/product_cat?post=14006"},{"taxonomy":"product_tag","embeddable":true,"href":"https:\/\/zbranebudai.sk\/hu\/wp-json\/wp\/v2\/product_tag?post=14006"}],"curies":[{"name":"wp","href":"https:\/\/api.w.org\/{rel}","templated":true}]}}