{"id":14003,"date":"2025-02-17T17:55:54","date_gmt":"2025-02-17T15:55:54","guid":{"rendered":"https:\/\/zbranebudai.sk\/product\/ruger-mark-iv-22-45-tactical-40149-kal-22lr\/"},"modified":"2026-04-16T03:51:53","modified_gmt":"2026-04-16T01:51:53","slug":"ruger-mark-iv-22-45-taktikai-40149-kal-22lr","status":"publish","type":"product","link":"https:\/\/zbranebudai.sk\/hu\/product\/ruger-mark-iv-22-45-tactical-40149-kal-22lr\/","title":{"rendered":"Ruger Mark IV 22\/45 Tactical 40149, cal. .22LR"},"content":{"rendered":"<p>PARAM\u00c9TEREK:<\/p>\n<p>T\u00e1rkapacit\u00e1s: 10 t\u00f6lt\u00e9ny<br \/>\nCs\u0151hossz: 112 mm (4.4\u2033)<br \/>\nTeljes hossz: 316 mm<br \/>\nCs\u0151oszt\u00e1s: 1:16\u2033 RH<br \/>\nK\u00f6vetkeztet\u00e9s: \u00f6tv\u00f6z\u00f6tt ac\u00e9l<br \/>\nS\u00faly: 944 g<\/p>","protected":false},"excerpt":{"rendered":"<p>Ruger Mark IV 22\/45 Tactical 40149 pisztoly fekete kivitelben, 4,4\" hossz\u00fa, hidegen kov\u00e1csolt cs\u0151vel a kiv\u00e9teles pontoss\u00e1g \u00e9s hossz\u00fa \u00e9lettartam \u00e9rdek\u00e9ben. K\u00e9nyelmes, prec\u00edzi\u00f3san \u00f6nt\u00f6tt polimer v\u00e1z \u00e9s 1911-es st\u00edlus\u00fa markolat a nagyszer\u0171 megjelen\u00e9s\u00e9rt \u00e9s a k\u00e9nyelmes, szil\u00e1rd fog\u00e1s\u00e9rt. Oldalra \u00e9s magass\u00e1gra \u00e1ll\u00edthat\u00f3 ir\u00e1nyz\u00e9k. K\u00e9zi biztos\u00edt\u00e9k mindk\u00e9t oldalra \u00e1ll\u00edthat\u00f3.<\/p>","protected":false},"featured_media":7781,"template":"","meta":{"_gspb_post_css":""},"product_brand":[],"product_cat":[1895,1864,1877,1820],"product_tag":[],"class_list":{"0":"post-14003","1":"product","2":"type-product","3":"status-publish","4":"has-post-thumbnail","6":"product_cat-mark-iv","7":"product_cat-pistole-zbrane-b-c","8":"product_cat-ruger-pistole-zbrane-b-c","9":"product_cat-zbrane-b-c","11":"first","12":"instock","13":"taxable","14":"shipping-taxable","15":"purchasable","16":"product-type-simple"},"ct_brands":[],"_links":{"self":[{"href":"https:\/\/zbranebudai.sk\/hu\/wp-json\/wp\/v2\/product\/14003","targetHints":{"allow":["GET"]}}],"collection":[{"href":"https:\/\/zbranebudai.sk\/hu\/wp-json\/wp\/v2\/product"}],"about":[{"href":"https:\/\/zbranebudai.sk\/hu\/wp-json\/wp\/v2\/types\/product"}],"wp:featuredmedia":[{"embeddable":true,"href":"https:\/\/zbranebudai.sk\/hu\/wp-json\/wp\/v2\/media\/7781"}],"wp:attachment":[{"href":"https:\/\/zbranebudai.sk\/hu\/wp-json\/wp\/v2\/media?parent=14003"}],"wp:term":[{"taxonomy":"product_brand","embeddable":true,"href":"https:\/\/zbranebudai.sk\/hu\/wp-json\/wp\/v2\/product_brand?post=14003"},{"taxonomy":"product_cat","embeddable":true,"href":"https:\/\/zbranebudai.sk\/hu\/wp-json\/wp\/v2\/product_cat?post=14003"},{"taxonomy":"product_tag","embeddable":true,"href":"https:\/\/zbranebudai.sk\/hu\/wp-json\/wp\/v2\/product_tag?post=14003"}],"curies":[{"name":"wp","href":"https:\/\/api.w.org\/{rel}","templated":true}]}}