{"id":14002,"date":"2025-02-17T17:55:54","date_gmt":"2025-02-17T15:55:54","guid":{"rendered":"https:\/\/zbranebudai.sk\/product\/ruger-mark-iv-target-40159-kal-22lr\/"},"modified":"2026-04-23T06:30:18","modified_gmt":"2026-04-23T04:30:18","slug":"ruger-mark-iv-target-40159-cal-22lr","status":"publish","type":"product","link":"https:\/\/zbranebudai.sk\/hu\/product\/ruger-mark-iv-target-40159-kal-22lr\/","title":{"rendered":"Ruger Mark IV Target 40159, cal. .22LR"},"content":{"rendered":"","protected":false},"excerpt":{"rendered":"<p>Pisztoly c\u00e9lt\u00e1bla 40159 - fekete, cal. .22LR, Bull Barrel 5,5\u2033 (14 cm) cs\u0151, 24,8 cm teljes hossz, 1015 g s\u00faly, 10 t\u00f6lt\u00e9nyes t\u00e1rkapacit\u00e1s, \u00e1ll\u00edthat\u00f3 oldals\u00f3 \u00e9s magass\u00e1gi c\u00e9lz\u00f3k\u00e9sz\u00fcl\u00e9k, Target lamin\u00e1lt sz\u00e1r.<\/p>","protected":false},"featured_media":7779,"template":"","meta":{"_gspb_post_css":""},"product_brand":[],"product_cat":[1895,1864,1877,1820],"product_tag":[],"class_list":{"0":"post-14002","1":"product","2":"type-product","3":"status-publish","4":"has-post-thumbnail","6":"product_cat-mark-iv","7":"product_cat-pistole-zbrane-b-c","8":"product_cat-ruger-pistole-zbrane-b-c","9":"product_cat-zbrane-b-c","11":"first","12":"instock","13":"taxable","14":"shipping-taxable","15":"purchasable","16":"product-type-simple"},"ct_brands":[],"_links":{"self":[{"href":"https:\/\/zbranebudai.sk\/hu\/wp-json\/wp\/v2\/product\/14002","targetHints":{"allow":["GET"]}}],"collection":[{"href":"https:\/\/zbranebudai.sk\/hu\/wp-json\/wp\/v2\/product"}],"about":[{"href":"https:\/\/zbranebudai.sk\/hu\/wp-json\/wp\/v2\/types\/product"}],"wp:featuredmedia":[{"embeddable":true,"href":"https:\/\/zbranebudai.sk\/hu\/wp-json\/wp\/v2\/media\/7779"}],"wp:attachment":[{"href":"https:\/\/zbranebudai.sk\/hu\/wp-json\/wp\/v2\/media?parent=14002"}],"wp:term":[{"taxonomy":"product_brand","embeddable":true,"href":"https:\/\/zbranebudai.sk\/hu\/wp-json\/wp\/v2\/product_brand?post=14002"},{"taxonomy":"product_cat","embeddable":true,"href":"https:\/\/zbranebudai.sk\/hu\/wp-json\/wp\/v2\/product_cat?post=14002"},{"taxonomy":"product_tag","embeddable":true,"href":"https:\/\/zbranebudai.sk\/hu\/wp-json\/wp\/v2\/product_tag?post=14002"}],"curies":[{"name":"wp","href":"https:\/\/api.w.org\/{rel}","templated":true}]}}