{"id":14001,"date":"2025-02-17T17:55:54","date_gmt":"2025-02-17T15:55:54","guid":{"rendered":"https:\/\/zbranebudai.sk\/product\/ruger-mark-iv-competition-40112-kal-22lr\/"},"modified":"2026-04-16T03:50:05","modified_gmt":"2026-04-16T01:50:05","slug":"ruger-mark-iv-competition-40112-cal-22lr","status":"publish","type":"product","link":"https:\/\/zbranebudai.sk\/hu\/product\/ruger-mark-iv-competition-40112-kal-22lr\/","title":{"rendered":"Ruger Mark IV Competition 40112, cal. .22LR"},"content":{"rendered":"","protected":false},"excerpt":{"rendered":"<p>Kal. .22LR, Competition, cs\u0151 k\u00e9toldalt lap\u00edtott, cs\u0151 hossza 6,88\u2033 (17,5 cm), teljes hossza 28,20 cm, s\u00falya 1300 g, kapacit\u00e1sa 10 l\u00f6v\u00e9s, oldals\u00f3 \u00e1ll\u00edthat\u00f3 ir\u00e1nyz\u00e9k, barna \u00fcvegsz\u00e1las l\u00f6ved\u00e9k h\u00fcvelykujjt\u00e1masszal.<\/p>","protected":false},"featured_media":7777,"template":"","meta":{"_gspb_post_css":""},"product_brand":[],"product_cat":[1895,1864,1877,1820],"product_tag":[],"class_list":{"0":"post-14001","1":"product","2":"type-product","3":"status-publish","4":"has-post-thumbnail","6":"product_cat-mark-iv","7":"product_cat-pistole-zbrane-b-c","8":"product_cat-ruger-pistole-zbrane-b-c","9":"product_cat-zbrane-b-c","11":"first","12":"instock","13":"taxable","14":"shipping-taxable","15":"purchasable","16":"product-type-simple"},"ct_brands":[],"_links":{"self":[{"href":"https:\/\/zbranebudai.sk\/hu\/wp-json\/wp\/v2\/product\/14001","targetHints":{"allow":["GET"]}}],"collection":[{"href":"https:\/\/zbranebudai.sk\/hu\/wp-json\/wp\/v2\/product"}],"about":[{"href":"https:\/\/zbranebudai.sk\/hu\/wp-json\/wp\/v2\/types\/product"}],"wp:featuredmedia":[{"embeddable":true,"href":"https:\/\/zbranebudai.sk\/hu\/wp-json\/wp\/v2\/media\/7777"}],"wp:attachment":[{"href":"https:\/\/zbranebudai.sk\/hu\/wp-json\/wp\/v2\/media?parent=14001"}],"wp:term":[{"taxonomy":"product_brand","embeddable":true,"href":"https:\/\/zbranebudai.sk\/hu\/wp-json\/wp\/v2\/product_brand?post=14001"},{"taxonomy":"product_cat","embeddable":true,"href":"https:\/\/zbranebudai.sk\/hu\/wp-json\/wp\/v2\/product_cat?post=14001"},{"taxonomy":"product_tag","embeddable":true,"href":"https:\/\/zbranebudai.sk\/hu\/wp-json\/wp\/v2\/product_tag?post=14001"}],"curies":[{"name":"wp","href":"https:\/\/api.w.org\/{rel}","templated":true}]}}