{"id":14000,"date":"2025-02-17T17:55:54","date_gmt":"2025-02-17T15:55:54","guid":{"rendered":"https:\/\/zbranebudai.sk\/product\/ruger-mark-iv-target-40103-kal-22lr\/"},"modified":"2026-04-16T03:53:58","modified_gmt":"2026-04-16T01:53:58","slug":"ruger-mark-iv-target-40103-cal-22lr","status":"publish","type":"product","link":"https:\/\/zbranebudai.sk\/hu\/product\/ruger-mark-iv-target-40103-kal-22lr\/","title":{"rendered":"Ruger Mark IV Target 40103, cal. .22LR"},"content":{"rendered":"","protected":false},"excerpt":{"rendered":"<p>Pisztoly 40103 - rozsdamentes ac\u00e9l, cal. .22LR, cs\u0151 5,5\u2033 (14 cm), \u00f6sszesen 24,8 cm, s\u00faly 1 210 g, t\u00e1rkapacit\u00e1s 10 t\u00f6lt\u00e9ny, oldals\u00f3 \u00e9s magass\u00e1gban \u00e1ll\u00edthat\u00f3 c\u00e9lz\u00f3k\u00e9sz\u00fcl\u00e9k, fekete halsz\u00e1lk\u00e1s sz\u00e1r.  Ruger GP100 1715 revolver rozsdamentes ac\u00e9lb\u00f3l, 3\"-os cs\u0151vel \u00e9s kett\u0151s els\u00fct\u0151szerkezettel. K\u00e9nyelmes fekete gumib\u00f3l k\u00e9sz\u00fclt markolat, amely k\u00f6nnyen levehet\u0151 \u00e9s m\u00e1s markolattal, vagy egyedi markolattal cser\u00e9lhet\u0151. A k\u00e9szletet 2025 december k\u00f6zep\u00e9n fogjuk felt\u00f6lteni.<\/p>","protected":false},"featured_media":7775,"template":"","meta":{"_gspb_post_css":""},"product_brand":[],"product_cat":[1895,1864,1877,1820],"product_tag":[],"class_list":{"0":"post-14000","1":"product","2":"type-product","3":"status-publish","4":"has-post-thumbnail","6":"product_cat-mark-iv","7":"product_cat-pistole-zbrane-b-c","8":"product_cat-ruger-pistole-zbrane-b-c","9":"product_cat-zbrane-b-c","11":"first","12":"instock","13":"taxable","14":"shipping-taxable","15":"purchasable","16":"product-type-simple"},"ct_brands":[],"_links":{"self":[{"href":"https:\/\/zbranebudai.sk\/hu\/wp-json\/wp\/v2\/product\/14000","targetHints":{"allow":["GET"]}}],"collection":[{"href":"https:\/\/zbranebudai.sk\/hu\/wp-json\/wp\/v2\/product"}],"about":[{"href":"https:\/\/zbranebudai.sk\/hu\/wp-json\/wp\/v2\/types\/product"}],"wp:featuredmedia":[{"embeddable":true,"href":"https:\/\/zbranebudai.sk\/hu\/wp-json\/wp\/v2\/media\/7775"}],"wp:attachment":[{"href":"https:\/\/zbranebudai.sk\/hu\/wp-json\/wp\/v2\/media?parent=14000"}],"wp:term":[{"taxonomy":"product_brand","embeddable":true,"href":"https:\/\/zbranebudai.sk\/hu\/wp-json\/wp\/v2\/product_brand?post=14000"},{"taxonomy":"product_cat","embeddable":true,"href":"https:\/\/zbranebudai.sk\/hu\/wp-json\/wp\/v2\/product_cat?post=14000"},{"taxonomy":"product_tag","embeddable":true,"href":"https:\/\/zbranebudai.sk\/hu\/wp-json\/wp\/v2\/product_tag?post=14000"}],"curies":[{"name":"wp","href":"https:\/\/api.w.org\/{rel}","templated":true}]}}