{"id":13996,"date":"2025-02-17T17:55:54","date_gmt":"2025-02-17T15:55:54","guid":{"rendered":"https:\/\/zbranebudai.sk\/product\/pistol-exp-colt-government-1911-a1-chrome-kal-9mm-p-a-k\/"},"modified":"2025-08-31T02:41:32","modified_gmt":"2025-08-31T00:41:32","slug":"pisztoly-exp-colt-kormany-1911-a1-krom-cal-9mm-p-a-k","status":"publish","type":"product","link":"https:\/\/zbranebudai.sk\/hu\/product\/pistol-exp-colt-government-1911-a1-chrome-kal-9mm-p-a-k\/","title":{"rendered":"Pisztoly exp. Colt Government 1911 A1 kr\u00f3m, cal. 9mm P.A.K."},"content":{"rendered":"","protected":false},"excerpt":{"rendered":"<p>Expansi\u00f3s (ind\u00edt\u00f3 \u00e9s g\u00e1z) pisztoly, SA rendszer, pol\u00edrozott kr\u00f3mozott z\u00e1rszerkezet \u00e9s v\u00e1z, cal. 9mm P.A.K., kapacit\u00e1s 8 t\u00f6lt\u00e9ny, hossza 220 mm, s\u00faly 960 g.<\/p>","protected":false},"featured_media":7755,"template":"","meta":{"_gspb_post_css":""},"product_brand":[],"product_cat":[1894,1825,1831,1826,1824],"product_tag":[],"class_list":{"0":"post-13996","1":"product","2":"type-product","3":"status-publish","4":"has-post-thumbnail","6":"product_cat-colt","7":"product_cat-expanzne-zbrane","8":"product_cat-pistole-umarex","9":"product_cat-umarex","10":"product_cat-zbrane-18-d","12":"first","13":"outofstock","14":"taxable","15":"shipping-taxable","16":"purchasable","17":"product-type-simple"},"ct_brands":[],"_links":{"self":[{"href":"https:\/\/zbranebudai.sk\/hu\/wp-json\/wp\/v2\/product\/13996","targetHints":{"allow":["GET"]}}],"collection":[{"href":"https:\/\/zbranebudai.sk\/hu\/wp-json\/wp\/v2\/product"}],"about":[{"href":"https:\/\/zbranebudai.sk\/hu\/wp-json\/wp\/v2\/types\/product"}],"wp:featuredmedia":[{"embeddable":true,"href":"https:\/\/zbranebudai.sk\/hu\/wp-json\/wp\/v2\/media\/7755"}],"wp:attachment":[{"href":"https:\/\/zbranebudai.sk\/hu\/wp-json\/wp\/v2\/media?parent=13996"}],"wp:term":[{"taxonomy":"product_brand","embeddable":true,"href":"https:\/\/zbranebudai.sk\/hu\/wp-json\/wp\/v2\/product_brand?post=13996"},{"taxonomy":"product_cat","embeddable":true,"href":"https:\/\/zbranebudai.sk\/hu\/wp-json\/wp\/v2\/product_cat?post=13996"},{"taxonomy":"product_tag","embeddable":true,"href":"https:\/\/zbranebudai.sk\/hu\/wp-json\/wp\/v2\/product_tag?post=13996"}],"curies":[{"name":"wp","href":"https:\/\/api.w.org\/{rel}","templated":true}]}}