{"id":13982,"date":"2025-02-17T17:55:52","date_gmt":"2025-02-17T15:55:52","guid":{"rendered":"https:\/\/zbranebudai.sk\/product\/zasobnik-na-co2-bombicku-a-gulicky-pre-legends-p-08-blowback\/"},"modified":"2026-04-01T22:48:19","modified_gmt":"2026-04-01T20:48:19","slug":"co2-bomba-es-lovedektartaly-legendakhoz-p-08-blowbackhez","status":"publish","type":"product","link":"https:\/\/zbranebudai.sk\/hu\/product\/zasobnik-na-co2-bombicku-a-gulicky-pre-legends-p-08-blowback\/","title":{"rendered":"T\u00e1lca a CO2 patron \u00e9s a t\u00f6lt\u00e9nyek sz\u00e1m\u00e1ra a Legends P.08 Blowback-hez"},"content":{"rendered":"","protected":false},"excerpt":{"rendered":"<p>T\u00f6lt\u00e9nyt\u00e1r CO2 patronhoz \u00e9s t\u00f6lt\u00e9nyek CO2 pisztolyhoz Legends P.08 Blowback, cal. 4,5mm BB (5.8142).<\/p>","protected":false},"featured_media":7709,"template":"","meta":{"_gspb_post_css":""},"product_brand":[],"product_cat":[1833,1824,1828],"product_tag":[],"class_list":{"0":"post-13982","1":"product","2":"type-product","3":"status-publish","4":"has-post-thumbnail","6":"product_cat-co2-prislusenstvo","7":"product_cat-zbrane-18-d","8":"product_cat-zbrane-na-co2","10":"first","11":"instock","12":"taxable","13":"shipping-taxable","14":"purchasable","15":"product-type-simple"},"ct_brands":[],"_links":{"self":[{"href":"https:\/\/zbranebudai.sk\/hu\/wp-json\/wp\/v2\/product\/13982","targetHints":{"allow":["GET"]}}],"collection":[{"href":"https:\/\/zbranebudai.sk\/hu\/wp-json\/wp\/v2\/product"}],"about":[{"href":"https:\/\/zbranebudai.sk\/hu\/wp-json\/wp\/v2\/types\/product"}],"wp:featuredmedia":[{"embeddable":true,"href":"https:\/\/zbranebudai.sk\/hu\/wp-json\/wp\/v2\/media\/7709"}],"wp:attachment":[{"href":"https:\/\/zbranebudai.sk\/hu\/wp-json\/wp\/v2\/media?parent=13982"}],"wp:term":[{"taxonomy":"product_brand","embeddable":true,"href":"https:\/\/zbranebudai.sk\/hu\/wp-json\/wp\/v2\/product_brand?post=13982"},{"taxonomy":"product_cat","embeddable":true,"href":"https:\/\/zbranebudai.sk\/hu\/wp-json\/wp\/v2\/product_cat?post=13982"},{"taxonomy":"product_tag","embeddable":true,"href":"https:\/\/zbranebudai.sk\/hu\/wp-json\/wp\/v2\/product_tag?post=13982"}],"curies":[{"name":"wp","href":"https:\/\/api.w.org\/{rel}","templated":true}]}}