{"id":13967,"date":"2025-02-17T17:55:49","date_gmt":"2025-02-17T15:55:49","guid":{"rendered":"https:\/\/zbranebudai.sk\/product\/tetiva-barnett-recruit-youth-30-78004\/"},"modified":"2026-05-07T12:33:23","modified_gmt":"2026-05-07T10:33:23","slug":"bowstring-barnett-ujonc-ifjusagi-30-78004","status":"publish","type":"product","link":"https:\/\/zbranebudai.sk\/hu\/product\/tetiva-barnett-recruit-youth-30-78004\/","title":{"rendered":"Tetiva Barnett Toborz\u00f3 ifj\u00fas\u00e1gi 30 (78004)"},"content":{"rendered":"","protected":false},"excerpt":{"rendered":"","protected":false},"featured_media":7679,"template":"","meta":{"_gspb_post_css":""},"product_brand":[],"product_cat":[1977,1850,1978,1824],"product_tag":[],"class_list":{"0":"post-13967","1":"product","2":"type-product","3":"status-publish","4":"has-post-thumbnail","6":"product_cat-kuse","7":"product_cat-mechanicke-zbrane","8":"product_cat-prislusenstvo-pre-kuse","9":"product_cat-zbrane-18-d","11":"first","12":"outofstock","13":"taxable","14":"shipping-taxable","15":"purchasable","16":"product-type-simple"},"ct_brands":[],"_links":{"self":[{"href":"https:\/\/zbranebudai.sk\/hu\/wp-json\/wp\/v2\/product\/13967","targetHints":{"allow":["GET"]}}],"collection":[{"href":"https:\/\/zbranebudai.sk\/hu\/wp-json\/wp\/v2\/product"}],"about":[{"href":"https:\/\/zbranebudai.sk\/hu\/wp-json\/wp\/v2\/types\/product"}],"wp:featuredmedia":[{"embeddable":true,"href":"https:\/\/zbranebudai.sk\/hu\/wp-json\/wp\/v2\/media\/7679"}],"wp:attachment":[{"href":"https:\/\/zbranebudai.sk\/hu\/wp-json\/wp\/v2\/media?parent=13967"}],"wp:term":[{"taxonomy":"product_brand","embeddable":true,"href":"https:\/\/zbranebudai.sk\/hu\/wp-json\/wp\/v2\/product_brand?post=13967"},{"taxonomy":"product_cat","embeddable":true,"href":"https:\/\/zbranebudai.sk\/hu\/wp-json\/wp\/v2\/product_cat?post=13967"},{"taxonomy":"product_tag","embeddable":true,"href":"https:\/\/zbranebudai.sk\/hu\/wp-json\/wp\/v2\/product_tag?post=13967"}],"curies":[{"name":"wp","href":"https:\/\/api.w.org\/{rel}","templated":true}]}}