{"id":13961,"date":"2025-02-17T17:55:48","date_gmt":"2025-02-17T15:55:48","guid":{"rendered":"https:\/\/zbranebudai.sk\/product\/natahovac-tetivy-barnett-lanovy-pre-kuse-17014\/"},"modified":"2026-04-09T01:06:53","modified_gmt":"2026-04-08T23:06:53","slug":"barnett-kotelfeszito-a-17014-es-darabhoz","status":"publish","type":"product","link":"https:\/\/zbranebudai.sk\/hu\/product\/natahovac-tetivy-barnett-lanovy-pre-kuse-17014\/","title":{"rendered":"Barnett Rope k\u00f6t\u00e9lvisszah\u00faz\u00f3 ny\u00edlpusk\u00e1khoz (17014)"},"content":{"rendered":"","protected":false},"excerpt":{"rendered":"","protected":false},"featured_media":7667,"template":"","meta":{"_gspb_post_css":""},"product_brand":[],"product_cat":[1977,1850,1978,1824],"product_tag":[],"class_list":{"0":"post-13961","1":"product","2":"type-product","3":"status-publish","4":"has-post-thumbnail","6":"product_cat-kuse","7":"product_cat-mechanicke-zbrane","8":"product_cat-prislusenstvo-pre-kuse","9":"product_cat-zbrane-18-d","11":"first","12":"outofstock","13":"taxable","14":"shipping-taxable","15":"purchasable","16":"product-type-simple"},"ct_brands":[],"_links":{"self":[{"href":"https:\/\/zbranebudai.sk\/hu\/wp-json\/wp\/v2\/product\/13961","targetHints":{"allow":["GET"]}}],"collection":[{"href":"https:\/\/zbranebudai.sk\/hu\/wp-json\/wp\/v2\/product"}],"about":[{"href":"https:\/\/zbranebudai.sk\/hu\/wp-json\/wp\/v2\/types\/product"}],"wp:featuredmedia":[{"embeddable":true,"href":"https:\/\/zbranebudai.sk\/hu\/wp-json\/wp\/v2\/media\/7667"}],"wp:attachment":[{"href":"https:\/\/zbranebudai.sk\/hu\/wp-json\/wp\/v2\/media?parent=13961"}],"wp:term":[{"taxonomy":"product_brand","embeddable":true,"href":"https:\/\/zbranebudai.sk\/hu\/wp-json\/wp\/v2\/product_brand?post=13961"},{"taxonomy":"product_cat","embeddable":true,"href":"https:\/\/zbranebudai.sk\/hu\/wp-json\/wp\/v2\/product_cat?post=13961"},{"taxonomy":"product_tag","embeddable":true,"href":"https:\/\/zbranebudai.sk\/hu\/wp-json\/wp\/v2\/product_tag?post=13961"}],"curies":[{"name":"wp","href":"https:\/\/api.w.org\/{rel}","templated":true}]}}