{"id":13960,"date":"2025-02-17T17:55:48","date_gmt":"2025-02-17T15:55:48","guid":{"rendered":"https:\/\/zbranebudai.sk\/product\/zasobnik-90326-pre-ruger-sr9-sr9c-9e-kal-9mm-luger\/"},"modified":"2026-04-09T02:14:56","modified_gmt":"2026-04-09T00:14:56","slug":"90326-talca-a-ruger-sr9-sr9c-9e-cal-9mm-lugerhez","status":"publish","type":"product","link":"https:\/\/zbranebudai.sk\/hu\/product\/zasobnik-90326-pre-ruger-sr9-sr9c-9e-kal-9mm-luger\/","title":{"rendered":"T\u00e1r (90326) Ruger SR9\/SR9C\/9E, cal. 9mm Luger"},"content":{"rendered":"","protected":false},"excerpt":{"rendered":"<p>Ruger SR9\/SR9C\/9E \u00e9s PC Carbine t\u00e1r, cal. 9mm Luger, t\u00e1rkapacit\u00e1s 17 t\u00f6lt\u00e9nyt<\/p>","protected":false},"featured_media":7665,"template":"","meta":{"_gspb_post_css":""},"product_brand":[],"product_cat":[1864,1898,1877,1820],"product_tag":[],"class_list":{"0":"post-13960","1":"product","2":"type-product","3":"status-publish","4":"has-post-thumbnail","6":"product_cat-pistole-zbrane-b-c","7":"product_cat-prislusenstvo-ruger-ruger-pistole-zbrane-b-c","8":"product_cat-ruger-pistole-zbrane-b-c","9":"product_cat-zbrane-b-c","11":"first","12":"instock","13":"taxable","14":"shipping-taxable","15":"purchasable","16":"product-type-simple"},"ct_brands":[],"_links":{"self":[{"href":"https:\/\/zbranebudai.sk\/hu\/wp-json\/wp\/v2\/product\/13960","targetHints":{"allow":["GET"]}}],"collection":[{"href":"https:\/\/zbranebudai.sk\/hu\/wp-json\/wp\/v2\/product"}],"about":[{"href":"https:\/\/zbranebudai.sk\/hu\/wp-json\/wp\/v2\/types\/product"}],"wp:featuredmedia":[{"embeddable":true,"href":"https:\/\/zbranebudai.sk\/hu\/wp-json\/wp\/v2\/media\/7665"}],"wp:attachment":[{"href":"https:\/\/zbranebudai.sk\/hu\/wp-json\/wp\/v2\/media?parent=13960"}],"wp:term":[{"taxonomy":"product_brand","embeddable":true,"href":"https:\/\/zbranebudai.sk\/hu\/wp-json\/wp\/v2\/product_brand?post=13960"},{"taxonomy":"product_cat","embeddable":true,"href":"https:\/\/zbranebudai.sk\/hu\/wp-json\/wp\/v2\/product_cat?post=13960"},{"taxonomy":"product_tag","embeddable":true,"href":"https:\/\/zbranebudai.sk\/hu\/wp-json\/wp\/v2\/product_tag?post=13960"}],"curies":[{"name":"wp","href":"https:\/\/api.w.org\/{rel}","templated":true}]}}