{"id":13958,"date":"2025-02-17T17:55:48","date_gmt":"2025-02-17T15:55:48","guid":{"rendered":"https:\/\/zbranebudai.sk\/product\/ruger-american-pistol-duty-8605-kal-9mm-luger\/"},"modified":"2025-10-06T13:58:32","modified_gmt":"2025-10-06T11:58:32","slug":"ruger-amerikai-pisztoly-szolgalat-8605-cal-9mm-luger","status":"publish","type":"product","link":"https:\/\/zbranebudai.sk\/hu\/product\/ruger-american-pistol-duty-8605-kal-9mm-luger\/","title":{"rendered":"Ruger American Pistol Duty 8605, cal. 9mm Luger"},"content":{"rendered":"<p>PARAM\u00c9TEREK:<\/p>\n<p>A tart\u00e1ly kapacit\u00e1sa: 17<br \/>\nCs\u0151hossz: 107 mm (4.2 in)<br \/>\nTeljes hossz: 190 mm<br \/>\nSz\u00e9less\u00e9g: 27 mm<br \/>\nMagass\u00e1g: 142 mm<br \/>\nCs\u0151oszt\u00e1s: 1:10 RH<br \/>\nS\u00faly: 850 g<\/p>","protected":false},"excerpt":{"rendered":"<p>A Ruger American Pistol Duty pisztolyt a legmagasabb k\u00f6vetelm\u00e9nyeknek megfelel\u0151en tervezt\u00e9k a legkem\u00e9nyebb k\u00f6r\u00fclm\u00e9nyek k\u00f6z\u00f6tt is. Nagy teljes\u00edtm\u00e9ny\u0171 l\u0151szerek tart\u00f3s haszn\u00e1lat\u00e1ra tesztelt\u00e9k +P l\u0151por t\u00f6ltettel. Az el\u0151fesz\u00edtett gy\u00fajt\u00f3szeg t\u00f6m\u00f6r rug\u00f3val biztos\u00edtja a megb\u00edzhat\u00f3 els\u00fct\u00e9st, mik\u00f6zben a ravasznak enyhe ellen\u00e1ll\u00e1st biztos\u00edt. Modul\u00e1ris rendszer\u0171, cser\u00e9lhet\u0151 markolatok h\u00e1rom m\u00e9retben a k\u00fcl\u00f6nb\u00f6z\u0151 k\u00e9zm\u00e9retekhez. Nagyszer\u0171 h\u00e1rompontos Novak\u00ae LoMount Carry c\u00e9lz\u00f3k\u00e9sz\u00fcl\u00e9k sz\u00e9les kiv\u00e1g\u00e1ssal a gyors c\u00e9lz\u00e1s \u00e9rdek\u00e9ben. K\u00e9tkezes reteszr\u00f6gz\u00edt\u0151 \u00e9s t\u00e1rkiold\u00f3. A biztons\u00e1gi funkci\u00f3k k\u00f6z\u00e9 tartozik a bels\u0151 automatikus els\u00fct\u0151szeg-r\u00f6gz\u00edt\u0151 rendszer, a be\u00e9p\u00edtett ravaszbiztos\u00edt\u00e1s \u00e9s a t\u00f6lt\u00f6tt\/\u00fcres t\u00e1r vizu\u00e1lis meger\u0151s\u00edt\u00e9se. Ac\u00e9l t\u00e1rak nikkel-teflon bevonattal. Tartalmaz 2 t\u00e1rat, S, M \u00e9s L m\u00e9ret\u0171 markolatok cser\u00e9lhet\u0151 h\u00e1tulja \u00e9s oldala.<\/p>","protected":false},"featured_media":7661,"template":"","meta":{"_gspb_post_css":""},"product_brand":[],"product_cat":[1864,1877,1979,1820],"product_tag":[],"class_list":{"0":"post-13958","1":"product","2":"type-product","3":"status-publish","4":"has-post-thumbnail","6":"product_cat-pistole-zbrane-b-c","7":"product_cat-ruger-pistole-zbrane-b-c","8":"product_cat-ruger-american-pistol","9":"product_cat-zbrane-b-c","11":"first","12":"outofstock","13":"taxable","14":"shipping-taxable","15":"purchasable","16":"product-type-simple"},"ct_brands":[],"_links":{"self":[{"href":"https:\/\/zbranebudai.sk\/hu\/wp-json\/wp\/v2\/product\/13958","targetHints":{"allow":["GET"]}}],"collection":[{"href":"https:\/\/zbranebudai.sk\/hu\/wp-json\/wp\/v2\/product"}],"about":[{"href":"https:\/\/zbranebudai.sk\/hu\/wp-json\/wp\/v2\/types\/product"}],"wp:featuredmedia":[{"embeddable":true,"href":"https:\/\/zbranebudai.sk\/hu\/wp-json\/wp\/v2\/media\/7661"}],"wp:attachment":[{"href":"https:\/\/zbranebudai.sk\/hu\/wp-json\/wp\/v2\/media?parent=13958"}],"wp:term":[{"taxonomy":"product_brand","embeddable":true,"href":"https:\/\/zbranebudai.sk\/hu\/wp-json\/wp\/v2\/product_brand?post=13958"},{"taxonomy":"product_cat","embeddable":true,"href":"https:\/\/zbranebudai.sk\/hu\/wp-json\/wp\/v2\/product_cat?post=13958"},{"taxonomy":"product_tag","embeddable":true,"href":"https:\/\/zbranebudai.sk\/hu\/wp-json\/wp\/v2\/product_tag?post=13958"}],"curies":[{"name":"wp","href":"https:\/\/api.w.org\/{rel}","templated":true}]}}