{"id":13955,"date":"2025-02-17T17:55:48","date_gmt":"2025-02-17T15:55:48","guid":{"rendered":"https:\/\/zbranebudai.sk\/product\/hk-mr308-a3-28-165-kal-308win\/"},"modified":"2026-04-16T04:01:54","modified_gmt":"2026-04-16T02:01:54","slug":"hk-mr308-a3-28-165-kaliber-308win","status":"publish","type":"product","link":"https:\/\/zbranebudai.sk\/hu\/product\/hk-mr308-a3-28-165-kal-308win\/","title":{"rendered":"HK MR308 A3-28 16,5\u2033, cal. .308Win."},"content":{"rendered":"<p>PARAM\u00c9TEREK:<\/p>\n<p>Cs\u0151hossz: 421 mm\u00a0<br \/>\nTeljes hossz: 905\/985 mm<br \/>\nA tart\u00e1ly kapacit\u00e1sa: 10\u00a0<br \/>\nPicatinny s\u00edn: igen<br \/>\nAnyag: ac\u00e9l<br \/>\nK\u00e9szlet: b\u0151v\u00edthet\u0151<br \/>\nS\u00faly: 4,45 kg<\/p>","protected":false},"excerpt":{"rendered":"<p>HK MR308 A3-28 16,5\" - \u00f6nt\u00f6lt\u0151 puska G28 megjelen\u00e9sben, cal. .308Win, fekete sz\u00edn\u0171, 10 t\u00e1ras (m\u0171anyag, \u00e1tl\u00e1tsz\u00f3), \u00e1ll\u00edthat\u00f3 G28 l\u00f6vegsz\u00e1r \u00e1ll\u00edthat\u00f3 orrpof\u00e1val, teljes hossza 926 - 993 mm, cs\u0151 hossza 421 mm, sz\u00e9less\u00e9ge 78 mm, magass\u00e1g (ir\u00e1nyz\u00e9k \u00e9s c\u00e9lz\u00f3k\u00e9sz\u00fcl\u00e9k n\u00e9lk\u00fcl) 216 mm, ir\u00e1nyz\u00e9k hossza 512 mm, s\u00faly t\u00e1r n\u00e9lk\u00fcl 5,1 kg, \u00fcres t\u00e1r s\u00falya 0,11 kg. Vakuelh\u00e1r\u00edt\u00f3, gyorsan levehet\u0151 c\u00e9lt\u00e1vcs\u0151, integr\u00e1lt \u00f6sszecsukhat\u00f3 c\u00e9lt\u00e1vcs\u0151, G28 markolat pikatinny s\u00ednnel 3, 6, 9 \u00e9s 12 \u00f3r\u00e1n\u00e1l. A 16,5\"-os cs\u0151vel az MR308 A3 a legmagasabb szint\u0171 pontoss\u00e1got \u00e9s megb\u00edzhat\u00f3s\u00e1got k\u00edn\u00e1lja. Teljesen k\u00e9tkezes. Ide\u00e1lis a versenyszer\u0171 t\u00e1vols\u00e1gi l\u00f6v\u00e9szethez.<\/p>","protected":false},"featured_media":7649,"template":"","meta":{"_gspb_post_css":""},"product_brand":[],"product_cat":[1821,1868,1867,1965,1820],"product_tag":[],"class_list":{"0":"post-13955","1":"product","2":"type-product","3":"status-publish","4":"has-post-thumbnail","6":"product_cat-gulovnice-zbrane-b-c","7":"product_cat-gulovnice-hk","8":"product_cat-heckler-koch-gulovnice-zbrane-b-c","9":"product_cat-mr308-a3","10":"product_cat-zbrane-b-c","12":"first","13":"outofstock","14":"taxable","15":"shipping-taxable","16":"purchasable","17":"product-type-simple"},"ct_brands":[],"_links":{"self":[{"href":"https:\/\/zbranebudai.sk\/hu\/wp-json\/wp\/v2\/product\/13955","targetHints":{"allow":["GET"]}}],"collection":[{"href":"https:\/\/zbranebudai.sk\/hu\/wp-json\/wp\/v2\/product"}],"about":[{"href":"https:\/\/zbranebudai.sk\/hu\/wp-json\/wp\/v2\/types\/product"}],"wp:featuredmedia":[{"embeddable":true,"href":"https:\/\/zbranebudai.sk\/hu\/wp-json\/wp\/v2\/media\/7649"}],"wp:attachment":[{"href":"https:\/\/zbranebudai.sk\/hu\/wp-json\/wp\/v2\/media?parent=13955"}],"wp:term":[{"taxonomy":"product_brand","embeddable":true,"href":"https:\/\/zbranebudai.sk\/hu\/wp-json\/wp\/v2\/product_brand?post=13955"},{"taxonomy":"product_cat","embeddable":true,"href":"https:\/\/zbranebudai.sk\/hu\/wp-json\/wp\/v2\/product_cat?post=13955"},{"taxonomy":"product_tag","embeddable":true,"href":"https:\/\/zbranebudai.sk\/hu\/wp-json\/wp\/v2\/product_tag?post=13955"}],"curies":[{"name":"wp","href":"https:\/\/api.w.org\/{rel}","templated":true}]}}