{"id":13947,"date":"2025-02-17T17:55:46","date_gmt":"2025-02-17T15:55:46","guid":{"rendered":"https:\/\/zbranebudai.sk\/product\/predlzene-dno-zasobnika-p30sk-kal-9x19\/"},"modified":"2026-04-16T04:17:59","modified_gmt":"2026-04-16T02:17:59","slug":"meghosszabbitott-tartaly-alja-p30sk-cal-9x19","status":"publish","type":"product","link":"https:\/\/zbranebudai.sk\/hu\/product\/predlzene-dno-zasobnika-p30sk-kal-9x19\/","title":{"rendered":"Meghosszabb\u00edtott t\u00e1ralap P30SK, cal. 9\u00d719"},"content":{"rendered":"","protected":false},"excerpt":{"rendered":"","protected":false},"featured_media":7508,"template":"","meta":{"_gspb_post_css":""},"product_brand":[],"product_cat":[1865,1864,1888,2228,1820],"product_tag":[],"class_list":{"0":"post-13947","1":"product","2":"type-product","3":"status-publish","4":"has-post-thumbnail","6":"product_cat-heckler-koch-pistole-zbrane-b-c","7":"product_cat-pistole-zbrane-b-c","8":"product_cat-prislusenstvo-heckler-koch","9":"product_cat-zasobniky-prislusenstvo-heckler-koch","10":"product_cat-zbrane-b-c","12":"first","13":"outofstock","14":"taxable","15":"shipping-taxable","16":"purchasable","17":"product-type-simple"},"ct_brands":[],"_links":{"self":[{"href":"https:\/\/zbranebudai.sk\/hu\/wp-json\/wp\/v2\/product\/13947","targetHints":{"allow":["GET"]}}],"collection":[{"href":"https:\/\/zbranebudai.sk\/hu\/wp-json\/wp\/v2\/product"}],"about":[{"href":"https:\/\/zbranebudai.sk\/hu\/wp-json\/wp\/v2\/types\/product"}],"wp:featuredmedia":[{"embeddable":true,"href":"https:\/\/zbranebudai.sk\/hu\/wp-json\/wp\/v2\/media\/7508"}],"wp:attachment":[{"href":"https:\/\/zbranebudai.sk\/hu\/wp-json\/wp\/v2\/media?parent=13947"}],"wp:term":[{"taxonomy":"product_brand","embeddable":true,"href":"https:\/\/zbranebudai.sk\/hu\/wp-json\/wp\/v2\/product_brand?post=13947"},{"taxonomy":"product_cat","embeddable":true,"href":"https:\/\/zbranebudai.sk\/hu\/wp-json\/wp\/v2\/product_cat?post=13947"},{"taxonomy":"product_tag","embeddable":true,"href":"https:\/\/zbranebudai.sk\/hu\/wp-json\/wp\/v2\/product_tag?post=13947"}],"curies":[{"name":"wp","href":"https:\/\/api.w.org\/{rel}","templated":true}]}}