{"id":13942,"date":"2025-02-17T17:55:46","date_gmt":"2025-02-17T15:55:46","guid":{"rendered":"https:\/\/zbranebudai.sk\/product\/podlozky-na-predlzenie-botky-pazby-4ks-pre-t3-t3x-t1x\/"},"modified":"2026-04-09T01:22:53","modified_gmt":"2026-04-08T23:22:53","slug":"karom-hosszabbito-parna-4db-t3-t3x-t1x-t3xhez","status":"publish","type":"product","link":"https:\/\/zbranebudai.sk\/hu\/product\/podlozky-na-predlzenie-botky-pazby-4ks-pre-t3-t3x-t1x\/","title":{"rendered":"Stock hosszabb\u00edt\u00f3 p\u00e1rn\u00e1k (4db) a T3\/T3x\/T1x-hez"},"content":{"rendered":"","protected":false},"excerpt":{"rendered":"<p>Egy bet\u00e9t vastags\u00e1ga 4 mm.<\/p>","protected":false},"featured_media":7490,"template":"","meta":{"_gspb_post_css":""},"product_brand":[],"product_cat":[1821,1875,1855,1854,1820],"product_tag":[],"class_list":{"0":"post-13942","1":"product","2":"type-product","3":"status-publish","4":"has-post-thumbnail","6":"product_cat-gulovnice-zbrane-b-c","7":"product_cat-pazby","8":"product_cat-prislusenstvo-tikka","9":"product_cat-tikka","10":"product_cat-zbrane-b-c","12":"first","13":"instock","14":"taxable","15":"shipping-taxable","16":"purchasable","17":"product-type-simple"},"ct_brands":[],"_links":{"self":[{"href":"https:\/\/zbranebudai.sk\/hu\/wp-json\/wp\/v2\/product\/13942","targetHints":{"allow":["GET"]}}],"collection":[{"href":"https:\/\/zbranebudai.sk\/hu\/wp-json\/wp\/v2\/product"}],"about":[{"href":"https:\/\/zbranebudai.sk\/hu\/wp-json\/wp\/v2\/types\/product"}],"wp:featuredmedia":[{"embeddable":true,"href":"https:\/\/zbranebudai.sk\/hu\/wp-json\/wp\/v2\/media\/7490"}],"wp:attachment":[{"href":"https:\/\/zbranebudai.sk\/hu\/wp-json\/wp\/v2\/media?parent=13942"}],"wp:term":[{"taxonomy":"product_brand","embeddable":true,"href":"https:\/\/zbranebudai.sk\/hu\/wp-json\/wp\/v2\/product_brand?post=13942"},{"taxonomy":"product_cat","embeddable":true,"href":"https:\/\/zbranebudai.sk\/hu\/wp-json\/wp\/v2\/product_cat?post=13942"},{"taxonomy":"product_tag","embeddable":true,"href":"https:\/\/zbranebudai.sk\/hu\/wp-json\/wp\/v2\/product_tag?post=13942"}],"curies":[{"name":"wp","href":"https:\/\/api.w.org\/{rel}","templated":true}]}}