{"id":13940,"date":"2025-02-17T17:55:45","date_gmt":"2025-02-17T15:55:45","guid":{"rendered":"https:\/\/zbranebudai.sk\/product\/adapter-na-dve-12g-co2-bombicky-pre-walther-lever-action-a-beretta-cx4-storm\/"},"modified":"2026-04-09T01:24:54","modified_gmt":"2026-04-08T23:24:54","slug":"adapter-ket-12g-os-co2-bombahoz-walther-lever-action-es-beretta-cx4-viharhoz","status":"publish","type":"product","link":"https:\/\/zbranebudai.sk\/hu\/product\/adapter-na-dve-12g-co2-bombicky-pre-walther-lever-action-a-beretta-cx4-storm\/","title":{"rendered":"Adapter k\u00e9t 12g-os CO2-patronhoz Walther Lever Action \u00e9s Beretta Cx4 Storm modellekhez"},"content":{"rendered":"","protected":false},"excerpt":{"rendered":"<p>Az adapter a Walther Lever Action \u00e9s Beretta Cx4 Storm pisztolyokban a 88 szem\u0171 t\u00e1r helyett haszn\u00e1lhat\u00f3. A csomag 8 darab 12 grammos Umarex bomb\u00e1t tartalmaz.<\/p>","protected":false},"featured_media":7485,"template":"","meta":{"_gspb_post_css":""},"product_brand":[],"product_cat":[1833,1824,1828],"product_tag":[],"class_list":{"0":"post-13940","1":"product","2":"type-product","3":"status-publish","4":"has-post-thumbnail","6":"product_cat-co2-prislusenstvo","7":"product_cat-zbrane-18-d","8":"product_cat-zbrane-na-co2","10":"first","11":"instock","12":"taxable","13":"shipping-taxable","14":"purchasable","15":"product-type-simple"},"ct_brands":[],"_links":{"self":[{"href":"https:\/\/zbranebudai.sk\/hu\/wp-json\/wp\/v2\/product\/13940","targetHints":{"allow":["GET"]}}],"collection":[{"href":"https:\/\/zbranebudai.sk\/hu\/wp-json\/wp\/v2\/product"}],"about":[{"href":"https:\/\/zbranebudai.sk\/hu\/wp-json\/wp\/v2\/types\/product"}],"wp:featuredmedia":[{"embeddable":true,"href":"https:\/\/zbranebudai.sk\/hu\/wp-json\/wp\/v2\/media\/7485"}],"wp:attachment":[{"href":"https:\/\/zbranebudai.sk\/hu\/wp-json\/wp\/v2\/media?parent=13940"}],"wp:term":[{"taxonomy":"product_brand","embeddable":true,"href":"https:\/\/zbranebudai.sk\/hu\/wp-json\/wp\/v2\/product_brand?post=13940"},{"taxonomy":"product_cat","embeddable":true,"href":"https:\/\/zbranebudai.sk\/hu\/wp-json\/wp\/v2\/product_cat?post=13940"},{"taxonomy":"product_tag","embeddable":true,"href":"https:\/\/zbranebudai.sk\/hu\/wp-json\/wp\/v2\/product_tag?post=13940"}],"curies":[{"name":"wp","href":"https:\/\/api.w.org\/{rel}","templated":true}]}}