{"id":13934,"date":"2025-02-17T17:55:45","date_gmt":"2025-02-17T15:55:45","guid":{"rendered":"https:\/\/zbranebudai.sk\/product\/muska-pre-ruger-mark-series-22-45-a03612\/"},"modified":"2026-04-16T04:56:20","modified_gmt":"2026-04-16T02:56:20","slug":"muska-a-ruger-mark-sorozat-22-45-a03612","status":"publish","type":"product","link":"https:\/\/zbranebudai.sk\/hu\/product\/muska-pre-ruger-mark-series-22-45-a03612\/","title":{"rendered":"Ruger Mark Series 22\/45 (A03612)"},"content":{"rendered":"","protected":false},"excerpt":{"rendered":"<p>Az ir\u00e1nyz\u00e9k a Mark III \u00e9s IV\u2122 22\/45\u2122 pisztolyokhoz alkalmas, csavaros el\u00fcls\u0151 ir\u00e1nyz\u00e9kkal.<\/p>","protected":false},"featured_media":7471,"template":"","meta":{"_gspb_post_css":""},"product_brand":[],"product_cat":[1864,1898,1877,1820],"product_tag":[],"class_list":{"0":"post-13934","1":"product","2":"type-product","3":"status-publish","4":"has-post-thumbnail","6":"product_cat-pistole-zbrane-b-c","7":"product_cat-prislusenstvo-ruger-ruger-pistole-zbrane-b-c","8":"product_cat-ruger-pistole-zbrane-b-c","9":"product_cat-zbrane-b-c","11":"first","12":"outofstock","13":"taxable","14":"shipping-taxable","15":"purchasable","16":"product-type-simple"},"ct_brands":[],"_links":{"self":[{"href":"https:\/\/zbranebudai.sk\/hu\/wp-json\/wp\/v2\/product\/13934","targetHints":{"allow":["GET"]}}],"collection":[{"href":"https:\/\/zbranebudai.sk\/hu\/wp-json\/wp\/v2\/product"}],"about":[{"href":"https:\/\/zbranebudai.sk\/hu\/wp-json\/wp\/v2\/types\/product"}],"wp:featuredmedia":[{"embeddable":true,"href":"https:\/\/zbranebudai.sk\/hu\/wp-json\/wp\/v2\/media\/7471"}],"wp:attachment":[{"href":"https:\/\/zbranebudai.sk\/hu\/wp-json\/wp\/v2\/media?parent=13934"}],"wp:term":[{"taxonomy":"product_brand","embeddable":true,"href":"https:\/\/zbranebudai.sk\/hu\/wp-json\/wp\/v2\/product_brand?post=13934"},{"taxonomy":"product_cat","embeddable":true,"href":"https:\/\/zbranebudai.sk\/hu\/wp-json\/wp\/v2\/product_cat?post=13934"},{"taxonomy":"product_tag","embeddable":true,"href":"https:\/\/zbranebudai.sk\/hu\/wp-json\/wp\/v2\/product_tag?post=13934"}],"curies":[{"name":"wp","href":"https:\/\/api.w.org\/{rel}","templated":true}]}}