{"id":13929,"date":"2025-02-17T17:55:44","date_gmt":"2025-02-17T15:55:44","guid":{"rendered":"https:\/\/zbranebudai.sk\/product\/ustova-brzda-sako-tikka-d16-5-m15x1-conical-cierna\/"},"modified":"2026-04-01T23:31:05","modified_gmt":"2026-04-01T21:31:05","slug":"szajfek-sako-tikka-d16-5-m15x1-kup-alaku-fekete","status":"publish","type":"product","link":"https:\/\/zbranebudai.sk\/hu\/product\/ustova-brzda-sako-tikka-d16-5-m15x1-conical-cierna\/","title":{"rendered":"Sako\/Tikka D16.5, M15x1, k\u00fapos fekete"},"content":{"rendered":"","protected":false},"excerpt":{"rendered":"<p>16,5 mm \u00e1tm\u00e9r\u0151j\u0171 cs\u00f6vekhez, max. kaliber: 7,8 mm\/.30<\/p>","protected":false},"featured_media":7460,"template":"","meta":{"_gspb_post_css":""},"product_brand":[],"product_cat":[1821,1928,1822,1946,1820],"product_tag":[],"class_list":{"0":"post-13929","1":"product","2":"type-product","3":"status-publish","4":"has-post-thumbnail","6":"product_cat-gulovnice-zbrane-b-c","7":"product_cat-prislusenstvo-sako","8":"product_cat-sako","9":"product_cat-ustove-brzdy","10":"product_cat-zbrane-b-c","12":"first","13":"instock","14":"taxable","15":"shipping-taxable","16":"purchasable","17":"product-type-simple"},"ct_brands":[],"_links":{"self":[{"href":"https:\/\/zbranebudai.sk\/hu\/wp-json\/wp\/v2\/product\/13929","targetHints":{"allow":["GET"]}}],"collection":[{"href":"https:\/\/zbranebudai.sk\/hu\/wp-json\/wp\/v2\/product"}],"about":[{"href":"https:\/\/zbranebudai.sk\/hu\/wp-json\/wp\/v2\/types\/product"}],"wp:featuredmedia":[{"embeddable":true,"href":"https:\/\/zbranebudai.sk\/hu\/wp-json\/wp\/v2\/media\/7460"}],"wp:attachment":[{"href":"https:\/\/zbranebudai.sk\/hu\/wp-json\/wp\/v2\/media?parent=13929"}],"wp:term":[{"taxonomy":"product_brand","embeddable":true,"href":"https:\/\/zbranebudai.sk\/hu\/wp-json\/wp\/v2\/product_brand?post=13929"},{"taxonomy":"product_cat","embeddable":true,"href":"https:\/\/zbranebudai.sk\/hu\/wp-json\/wp\/v2\/product_cat?post=13929"},{"taxonomy":"product_tag","embeddable":true,"href":"https:\/\/zbranebudai.sk\/hu\/wp-json\/wp\/v2\/product_tag?post=13929"}],"curies":[{"name":"wp","href":"https:\/\/api.w.org\/{rel}","templated":true}]}}