{"id":13928,"date":"2025-02-17T17:55:44","date_gmt":"2025-02-17T15:55:44","guid":{"rendered":"https:\/\/zbranebudai.sk\/product\/hk-mr308-a3-165-kal-308win-slim-line-hkey-handguard-green-brown\/"},"modified":"2026-04-16T04:01:54","modified_gmt":"2026-04-16T02:01:54","slug":"hk-mr308-a3-165-cal-308win-slim-line-hkey-handguard-zold-barna","status":"publish","type":"product","link":"https:\/\/zbranebudai.sk\/hu\/product\/hk-mr308-a3-165-kal-308win-slim-line-hkey-handguard-green-brown\/","title":{"rendered":"HK MR308 A3 16,5\u2033, kal. .308Win., Slim-Line HKey k\u00e9zv\u00e9d\u0151 Z\u00d6LD-BARNA"},"content":{"rendered":"<p>PARAM\u00c9TEREK:<\/p>\n<p>Cs\u0151hossz: 421 mm\u00a0<br \/>\nTeljes hossz: 905\/985 mm<br \/>\nA tart\u00e1ly kapacit\u00e1sa: 10\u00a0<br \/>\nPicatinny s\u00edn: igen<br \/>\nAnyag: ac\u00e9l<br \/>\nK\u00e9szlet: b\u0151v\u00edthet\u0151<br \/>\nS\u00faly: 4,45 kg<\/p>","protected":false},"excerpt":{"rendered":"<p>F\u00e9lautomata puska AR-10 kivitelben, megb\u00edzhat\u00f3 G36 dugatty\u00fas rendszerrel. Teljesen k\u00e9tkezes. Alkalmas minden statikus \u00e9s dinamikus fegyelemhez. 5 poz\u00edci\u00f3ban \u00e1ll\u00edthat\u00f3 teleszk\u00f3pos sz\u00e1r. \u00d6sszecsukhat\u00f3 retikula \u00e9s c\u00e9lt\u00e1vcs\u0151. \u00c1tl\u00e1tsz\u00f3 polimer t\u00e1r 10 t\u00f6lt\u00e9nyre.<\/p>","protected":false},"featured_media":7456,"template":"","meta":{"_gspb_post_css":""},"product_brand":[],"product_cat":[1821,1868,1867,1965,1820],"product_tag":[],"class_list":{"0":"post-13928","1":"product","2":"type-product","3":"status-publish","4":"has-post-thumbnail","6":"product_cat-gulovnice-zbrane-b-c","7":"product_cat-gulovnice-hk","8":"product_cat-heckler-koch-gulovnice-zbrane-b-c","9":"product_cat-mr308-a3","10":"product_cat-zbrane-b-c","12":"first","13":"outofstock","14":"taxable","15":"shipping-taxable","16":"purchasable","17":"product-type-simple"},"ct_brands":[],"_links":{"self":[{"href":"https:\/\/zbranebudai.sk\/hu\/wp-json\/wp\/v2\/product\/13928","targetHints":{"allow":["GET"]}}],"collection":[{"href":"https:\/\/zbranebudai.sk\/hu\/wp-json\/wp\/v2\/product"}],"about":[{"href":"https:\/\/zbranebudai.sk\/hu\/wp-json\/wp\/v2\/types\/product"}],"wp:featuredmedia":[{"embeddable":true,"href":"https:\/\/zbranebudai.sk\/hu\/wp-json\/wp\/v2\/media\/7456"}],"wp:attachment":[{"href":"https:\/\/zbranebudai.sk\/hu\/wp-json\/wp\/v2\/media?parent=13928"}],"wp:term":[{"taxonomy":"product_brand","embeddable":true,"href":"https:\/\/zbranebudai.sk\/hu\/wp-json\/wp\/v2\/product_brand?post=13928"},{"taxonomy":"product_cat","embeddable":true,"href":"https:\/\/zbranebudai.sk\/hu\/wp-json\/wp\/v2\/product_cat?post=13928"},{"taxonomy":"product_tag","embeddable":true,"href":"https:\/\/zbranebudai.sk\/hu\/wp-json\/wp\/v2\/product_tag?post=13928"}],"curies":[{"name":"wp","href":"https:\/\/api.w.org\/{rel}","templated":true}]}}