{"id":13925,"date":"2025-02-17T17:55:44","date_gmt":"2025-02-17T15:55:44","guid":{"rendered":"https:\/\/zbranebudai.sk\/product\/hk-mr308-a3-13-kal-308win-slim-line-hkey-handguard\/"},"modified":"2026-04-16T04:01:54","modified_gmt":"2026-04-16T02:01:54","slug":"hk-mr308-a3-13-cal-308win-slim-line-hkey-kezvedo","status":"publish","type":"product","link":"https:\/\/zbranebudai.sk\/hu\/product\/hk-mr308-a3-13-kal-308win-slim-line-hkey-handguard\/","title":{"rendered":"HK MR308 A3 13\u2033, kal. .308Win., Slim-Line HKey k\u00e9zi v\u00e9d\u0151pajzs"},"content":{"rendered":"<p>PARAM\u00c9TEREK:<\/p>\n<p>Cs\u0151hossz: 330 mm\u00a0<br \/>\nTeljes hossz: 815\/895 mm<br \/>\nA tart\u00e1ly kapacit\u00e1sa: 10\u00a0<br \/>\nPicatinny s\u00edn: igen<br \/>\nAnyag: ac\u00e9l<br \/>\nK\u00e9szlet: b\u0151v\u00edthet\u0151<br \/>\nS\u00faly: 4,3 kg<\/p>","protected":false},"excerpt":{"rendered":"<p>HK MR308 A3 13\u2033 - \u00f6nt\u00f6lt\u0151 puska, cal. .308Win., fekete, 10 l\u00f6ved\u00e9kre val\u00f3 t\u00e1r (m\u0171anyag, \u00e1tl\u00e1tsz\u00f3), teleszk\u00f3pos l\u00f6vegny\u00e9l (5 poz\u00edci\u00f3), teljes hossza 815-895 mm, cs\u0151 hossza 330 mm, sz\u00e9less\u00e9ge 78 mm, magass\u00e1g (ir\u00e1nyz\u00e9k \u00e9s c\u00e9lz\u00f3k\u00e9sz\u00fcl\u00e9k n\u00e9lk\u00fcl) 191 mm, ir\u00e1nyz\u00e9k hossza 411 mm, s\u00faly t\u00e1r n\u00e9lk\u00fcl 4,3 kg, \u00fcres t\u00e1r s\u00falya 0,11 kg. Villan\u00f3f\u00e9kez\u0151, levehet\u0151 csukl\u00f3s ir\u00e1nyz\u00e9k, levehet\u0151 csukl\u00f3s dioptri\u00e1s ir\u00e1nyz\u00e9k. AR-10 kivitel\u0171 f\u00e9lautomata puska megb\u00edzhat\u00f3 G36 dugatty\u00fas rendszerrel. Teljesen k\u00e9tkezes. Alkalmas minden statikus \u00e9s dinamikus szak\u00e1gban.<\/p>","protected":false},"featured_media":7450,"template":"","meta":{"_gspb_post_css":""},"product_brand":[],"product_cat":[1821,1868,1867,1965,1820],"product_tag":[],"class_list":{"0":"post-13925","1":"product","2":"type-product","3":"status-publish","4":"has-post-thumbnail","6":"product_cat-gulovnice-zbrane-b-c","7":"product_cat-gulovnice-hk","8":"product_cat-heckler-koch-gulovnice-zbrane-b-c","9":"product_cat-mr308-a3","10":"product_cat-zbrane-b-c","12":"first","13":"instock","14":"taxable","15":"shipping-taxable","16":"purchasable","17":"product-type-simple"},"ct_brands":[],"_links":{"self":[{"href":"https:\/\/zbranebudai.sk\/hu\/wp-json\/wp\/v2\/product\/13925","targetHints":{"allow":["GET"]}}],"collection":[{"href":"https:\/\/zbranebudai.sk\/hu\/wp-json\/wp\/v2\/product"}],"about":[{"href":"https:\/\/zbranebudai.sk\/hu\/wp-json\/wp\/v2\/types\/product"}],"wp:featuredmedia":[{"embeddable":true,"href":"https:\/\/zbranebudai.sk\/hu\/wp-json\/wp\/v2\/media\/7450"}],"wp:attachment":[{"href":"https:\/\/zbranebudai.sk\/hu\/wp-json\/wp\/v2\/media?parent=13925"}],"wp:term":[{"taxonomy":"product_brand","embeddable":true,"href":"https:\/\/zbranebudai.sk\/hu\/wp-json\/wp\/v2\/product_brand?post=13925"},{"taxonomy":"product_cat","embeddable":true,"href":"https:\/\/zbranebudai.sk\/hu\/wp-json\/wp\/v2\/product_cat?post=13925"},{"taxonomy":"product_tag","embeddable":true,"href":"https:\/\/zbranebudai.sk\/hu\/wp-json\/wp\/v2\/product_tag?post=13925"}],"curies":[{"name":"wp","href":"https:\/\/api.w.org\/{rel}","templated":true}]}}