{"id":13914,"date":"2025-02-17T17:55:41","date_gmt":"2025-02-17T15:55:41","guid":{"rendered":"https:\/\/zbranebudai.sk\/product\/ruger-sr1911-commander-style-6722-kal-9mm-luger\/"},"modified":"2026-04-23T06:39:16","modified_gmt":"2026-04-23T04:39:16","slug":"ruger-sr1911-commander-style-6722-cal-9mm-luger","status":"publish","type":"product","link":"https:\/\/zbranebudai.sk\/hu\/product\/ruger-sr1911-commander-style-6722-kal-9mm-luger\/","title":{"rendered":"Ruger SR1911 Commander-Style 6722, cal. 9mm Luger"},"content":{"rendered":"<p>PARAM\u00c9TEREK:<\/p>\n<p>T\u00e1lcakapacit\u00e1s: 9<br \/>\nCs\u0151hossz: 108 mm (4.25\u2033)<br \/>\nTeljes hossz: 197 mm<br \/>\nSz\u00e9less\u00e9g: 34 mm<br \/>\nMagass\u00e1g: 138 mm<br \/>\nCs\u0151oszt\u00e1s: 1:10\u2033 RH<br \/>\nS\u00faly: 831 g<\/p>","protected":false},"excerpt":{"rendered":"<p>A Ruger SR1911 Commander-Style 6722 egy f\u00e9lautomata 9 mm-es Luger t\u00edpus\u00fa, 1911-es kaliber\u0171 pisztoly, amely pontoss\u00e1g\u00e1r\u00f3l \u00e9s megb\u00edzhat\u00f3s\u00e1g\u00e1r\u00f3l ismert. Prec\u00edzi\u00f3s kivitelez\u00e9ssel, rozsdamentes ac\u00e9l cs\u0151vel \u00e9s k\u00f6nny\u0171 alum\u00ednium konstrukci\u00f3val rendelkezik, hagyom\u00e1nyos Tungsten Cerakote\u00ae bevonat\u00fa kivitelben, fekete cser\u00e9lhet\u0151 gumi markolatpanelekkel \u00e9s sakkt\u00e1bl\u00e1zattal a h\u00e1tlapon. A csontv\u00e1zas alum\u00ednium ravasz nagyon \u00e9les, k\u00f6nny\u0171 fog\u00e1st biztos\u00edt gyors vissza\u00e1ll\u00edt\u00e1ssal. A Ruger SR1911 Commander-Style 6722 k\u00e9zi biztos\u00edt\u00e9kkal, markolatbiztos\u00edt\u00e1ssal, t\u00f6lt\u00f6tt t\u00e1rjelz\u0151vel \u00e9s tit\u00e1nb\u00f3l k\u00e9sz\u00fclt \u00fct\u0151szeggel ell\u00e1tott, csontv\u00e1zas kalap\u00e1ccsal rendelkezik. Tartalmaz 2 rozsdamentes ac\u00e9l t\u00e1rat.<\/p>","protected":false},"featured_media":7422,"template":"","meta":{"_gspb_post_css":""},"product_brand":[],"product_cat":[1864,1877,1927,1820],"product_tag":[],"class_list":{"0":"post-13914","1":"product","2":"type-product","3":"status-publish","4":"has-post-thumbnail","6":"product_cat-pistole-zbrane-b-c","7":"product_cat-ruger-pistole-zbrane-b-c","8":"product_cat-sr1911","9":"product_cat-zbrane-b-c","11":"first","12":"instock","13":"taxable","14":"shipping-taxable","15":"purchasable","16":"product-type-simple"},"ct_brands":[],"_links":{"self":[{"href":"https:\/\/zbranebudai.sk\/hu\/wp-json\/wp\/v2\/product\/13914","targetHints":{"allow":["GET"]}}],"collection":[{"href":"https:\/\/zbranebudai.sk\/hu\/wp-json\/wp\/v2\/product"}],"about":[{"href":"https:\/\/zbranebudai.sk\/hu\/wp-json\/wp\/v2\/types\/product"}],"wp:featuredmedia":[{"embeddable":true,"href":"https:\/\/zbranebudai.sk\/hu\/wp-json\/wp\/v2\/media\/7422"}],"wp:attachment":[{"href":"https:\/\/zbranebudai.sk\/hu\/wp-json\/wp\/v2\/media?parent=13914"}],"wp:term":[{"taxonomy":"product_brand","embeddable":true,"href":"https:\/\/zbranebudai.sk\/hu\/wp-json\/wp\/v2\/product_brand?post=13914"},{"taxonomy":"product_cat","embeddable":true,"href":"https:\/\/zbranebudai.sk\/hu\/wp-json\/wp\/v2\/product_cat?post=13914"},{"taxonomy":"product_tag","embeddable":true,"href":"https:\/\/zbranebudai.sk\/hu\/wp-json\/wp\/v2\/product_tag?post=13914"}],"curies":[{"name":"wp","href":"https:\/\/api.w.org\/{rel}","templated":true}]}}