{"id":13912,"date":"2025-02-17T17:55:41","date_gmt":"2025-02-17T15:55:41","guid":{"rendered":"https:\/\/zbranebudai.sk\/product\/ruger-22-charger-4924-kal-22lr-takedown\/"},"modified":"2026-03-05T23:28:58","modified_gmt":"2026-03-05T21:28:58","slug":"ruger-22-charger-4924-cal-22lr-takedown","status":"publish","type":"product","link":"https:\/\/zbranebudai.sk\/hu\/product\/ruger-22-charger-4924-kal-22lr-takedown\/","title":{"rendered":"Ruger 22 Charger 4924, cal. .22LR, Takedown"},"content":{"rendered":"<p>PARAM\u00c9TEREK:<\/p>\n<p>Cs\u0151hossz: 254 mm (10 in)<br \/>\nTeljes hossz: 489 mm<br \/>\nA tart\u00e1ly kapacit\u00e1sa: 15<br \/>\nCs\u0151oszt\u00e1s: 1:16\u2033 RH<br \/>\nPicatinny s\u00edn: Igen<br \/>\nA hord\u00f3: ac\u00e9l: Feket\u00e9re festett ac\u00e9l<br \/>\nFoganty\u00fa: Fekete, szintetikus<br \/>\nS\u00faly: 1,46 kg<\/p>","protected":false},"excerpt":{"rendered":"<p>A Ruger 22 Charger 4924 Takedown kivitelben gyorsan \u00e9s egyszer\u0171en sz\u00e9tszedhet\u0151 2 darabra a jobb t\u00e1rol\u00e1s \u00e9s sz\u00e1ll\u00edt\u00e1s \u00e9rdek\u00e9ben. A hidegen kov\u00e1csolt cs\u0151 kiv\u00e9teles pontoss\u00e1got \u00e9s hossz\u00fa \u00e9lettartamot biztos\u00edt. Szint\u00e9n a tartoz\u00e9k egy \u00e1ll\u00edthat\u00f3 bipod, amely stabil t\u00e1maszt\u00e9kot k\u00edn\u00e1l. A gy\u00e1rilag beszerelt Picatinny fels\u0151 s\u00edn b\u0151s\u00e9ges helyet biztos\u00edt a puskat\u00e1vcs\u00f6vek, kollim\u00e1torok \u00e9s egy\u00e9b kieg\u00e9sz\u00edt\u0151k sz\u00e1m\u00e1ra.<\/p>","protected":false},"featured_media":7418,"template":"","meta":{"_gspb_post_css":""},"product_brand":[],"product_cat":[1976,1864,1877,1820],"product_tag":[],"class_list":{"0":"post-13912","1":"product","2":"type-product","3":"status-publish","4":"has-post-thumbnail","6":"product_cat-22-charger","7":"product_cat-pistole-zbrane-b-c","8":"product_cat-ruger-pistole-zbrane-b-c","9":"product_cat-zbrane-b-c","11":"first","12":"outofstock","13":"taxable","14":"shipping-taxable","15":"purchasable","16":"product-type-simple"},"ct_brands":[],"_links":{"self":[{"href":"https:\/\/zbranebudai.sk\/hu\/wp-json\/wp\/v2\/product\/13912","targetHints":{"allow":["GET"]}}],"collection":[{"href":"https:\/\/zbranebudai.sk\/hu\/wp-json\/wp\/v2\/product"}],"about":[{"href":"https:\/\/zbranebudai.sk\/hu\/wp-json\/wp\/v2\/types\/product"}],"wp:featuredmedia":[{"embeddable":true,"href":"https:\/\/zbranebudai.sk\/hu\/wp-json\/wp\/v2\/media\/7418"}],"wp:attachment":[{"href":"https:\/\/zbranebudai.sk\/hu\/wp-json\/wp\/v2\/media?parent=13912"}],"wp:term":[{"taxonomy":"product_brand","embeddable":true,"href":"https:\/\/zbranebudai.sk\/hu\/wp-json\/wp\/v2\/product_brand?post=13912"},{"taxonomy":"product_cat","embeddable":true,"href":"https:\/\/zbranebudai.sk\/hu\/wp-json\/wp\/v2\/product_cat?post=13912"},{"taxonomy":"product_tag","embeddable":true,"href":"https:\/\/zbranebudai.sk\/hu\/wp-json\/wp\/v2\/product_tag?post=13912"}],"curies":[{"name":"wp","href":"https:\/\/api.w.org\/{rel}","templated":true}]}}