{"id":13911,"date":"2025-02-17T17:55:41","date_gmt":"2025-02-17T15:55:41","guid":{"rendered":"https:\/\/zbranebudai.sk\/product\/ruger-sr22-3620-kal-22lr\/"},"modified":"2025-08-31T02:38:32","modified_gmt":"2025-08-31T00:38:32","slug":"ruger-sr22-3620-cal-22lr","status":"publish","type":"product","link":"https:\/\/zbranebudai.sk\/hu\/product\/ruger-sr22-3620-kal-22lr\/","title":{"rendered":"Ruger SR22 3620, kal. .22LR"},"content":{"rendered":"<p>PARAM\u00c9TEREK:<\/p>\n<p>A tart\u00e1ly kapacit\u00e1sa: 10<br \/>\nCs\u0151hossz: 114 mm (4.5\u2033)<br \/>\nTeljes hossz: 188 mm<br \/>\nSz\u00e9less\u00e9g: 25 mm<br \/>\nMagass\u00e1g: 125 mm<br \/>\nCs\u0151oszt\u00e1s: 1:16\u2033 RH<br \/>\nS\u00faly: 530 g<\/p>","protected":false},"excerpt":{"rendered":"<p>A Ruger SR22 3620 egy sokoldal\u00fa, k\u00f6nny\u0171, .22 LR kaliber\u0171 f\u00e9lautomata pisztoly, amely kezd\u0151k \u00e9s halad\u00f3k sz\u00e1m\u00e1ra egyar\u00e1nt alkalmas. K\u00fcls\u0151 kalap\u00e1cs lekerek\u00edtett sarkanty\u00faval a k\u00f6nny\u0171 felh\u00faz\u00e1s \u00e9rdek\u00e9ben. Ac\u00e9lcs\u0151 \u00e9s alum\u00ednium cs\u00faszka fekete elox\u00e1lt kivitelben. A polimer v\u00e1z k\u00e9t cser\u00e9lhet\u0151 gum\u00edrozott markolattal lehet\u0151v\u00e9 teszi a l\u00f6v\u00e9szeknek, hogy v\u00e9kony vagy sz\u00e9les markolatot v\u00e1lasszanak (a cser\u00e9hez nincs sz\u00fcks\u00e9g szersz\u00e1mra). A Ruger SR22 3620 \u00e1ll\u00edthat\u00f3 ir\u00e1nyz\u00e9kkal, k\u00e9tkezes k\u00e9zi biztos\u00edt\u00f3val \u00e9s k\u00e9tkezes t\u00e1rkiold\u00f3 gombbal rendelkezik.<\/p>","protected":false},"featured_media":7416,"template":"","meta":{"_gspb_post_css":""},"product_brand":[],"product_cat":[1864,1877,1934,1820],"product_tag":[],"class_list":{"0":"post-13911","1":"product","2":"type-product","3":"status-publish","4":"has-post-thumbnail","6":"product_cat-pistole-zbrane-b-c","7":"product_cat-ruger-pistole-zbrane-b-c","8":"product_cat-sr22","9":"product_cat-zbrane-b-c","11":"first","12":"outofstock","13":"taxable","14":"shipping-taxable","15":"purchasable","16":"product-type-simple"},"ct_brands":[],"_links":{"self":[{"href":"https:\/\/zbranebudai.sk\/hu\/wp-json\/wp\/v2\/product\/13911","targetHints":{"allow":["GET"]}}],"collection":[{"href":"https:\/\/zbranebudai.sk\/hu\/wp-json\/wp\/v2\/product"}],"about":[{"href":"https:\/\/zbranebudai.sk\/hu\/wp-json\/wp\/v2\/types\/product"}],"wp:featuredmedia":[{"embeddable":true,"href":"https:\/\/zbranebudai.sk\/hu\/wp-json\/wp\/v2\/media\/7416"}],"wp:attachment":[{"href":"https:\/\/zbranebudai.sk\/hu\/wp-json\/wp\/v2\/media?parent=13911"}],"wp:term":[{"taxonomy":"product_brand","embeddable":true,"href":"https:\/\/zbranebudai.sk\/hu\/wp-json\/wp\/v2\/product_brand?post=13911"},{"taxonomy":"product_cat","embeddable":true,"href":"https:\/\/zbranebudai.sk\/hu\/wp-json\/wp\/v2\/product_cat?post=13911"},{"taxonomy":"product_tag","embeddable":true,"href":"https:\/\/zbranebudai.sk\/hu\/wp-json\/wp\/v2\/product_tag?post=13911"}],"curies":[{"name":"wp","href":"https:\/\/api.w.org\/{rel}","templated":true}]}}