{"id":13910,"date":"2025-02-17T17:55:41","date_gmt":"2025-02-17T15:55:41","guid":{"rendered":"https:\/\/zbranebudai.sk\/product\/ruger-lcp-3752-kal-380-auto-s-laserovym-zameriavacom\/"},"modified":"2026-04-23T06:28:20","modified_gmt":"2026-04-23T04:28:20","slug":"ruger-lcp-3752-cal-380-auto-lezeres-latvannyal","status":"publish","type":"product","link":"https:\/\/zbranebudai.sk\/hu\/product\/ruger-lcp-3752-kal-380-auto-s-laserovym-zameriavacom\/","title":{"rendered":"Ruger LCP 3752, cal. .380 Auto, l\u00e9zeres c\u00e9lz\u00f3k\u00e9sz\u00fcl\u00e9kkel"},"content":{"rendered":"<p>PARAM\u00c9TEREK:<\/p>\n<p>T\u00e1lcakapacit\u00e1s: 6\u00a0<br \/>\nCs\u0151hossz: 70 mm (2.75\u2033)<br \/>\nSz\u00e9less\u00e9g: 21 mm<br \/>\nMagass\u00e1g: 91 mm<br \/>\nTeljes hossz: 131 mm<br \/>\nA cs\u0151 furat\u00e1nak oszt\u00e1sa: 1:16\u2033 RH<br \/>\nS\u00faly: 295 g<\/p>","protected":false},"excerpt":{"rendered":"<p>Szuper k\u00f6nny\u0171 \u00e9s szuper kompakt Ruger LCP\u00ae l\u00e9zeres c\u00e9lz\u00e1ssal. \u00dagy tervezt\u00e9k, hogy elf\u00e9rjen a zseb\u00e9ben vagy a t\u00e1sk\u00e1j\u00e1ban, m\u00e9gis rengeteg er\u0151t biztos\u00edt. A textur\u00e1lt markolatkeret biztons\u00e1gos \u00e9s k\u00e9nyelmes fog\u00e1st biztos\u00edt. A r\u00f6gz\u00edtett els\u0151 \u00e9s h\u00e1ts\u00f3 ir\u00e1nyz\u00e9kok a z\u00e1rszerkezetbe vannak integr\u00e1lva, m\u00edg a kalap\u00e1cs a z\u00e1rszerkezetbe van s\u00fcllyesztve. Tartalmaz egy megn\u00f6velt t\u00e1ralapot a jobb pisztolyfog\u00e1s \u00e9rdek\u00e9ben.<\/p>","protected":false},"featured_media":7414,"template":"","meta":{"_gspb_post_css":""},"product_brand":[],"product_cat":[1903,1864,1877,1820],"product_tag":[],"class_list":{"0":"post-13910","1":"product","2":"type-product","3":"status-publish","4":"has-post-thumbnail","6":"product_cat-lcp","7":"product_cat-pistole-zbrane-b-c","8":"product_cat-ruger-pistole-zbrane-b-c","9":"product_cat-zbrane-b-c","11":"first","12":"outofstock","13":"taxable","14":"shipping-taxable","15":"purchasable","16":"product-type-simple"},"ct_brands":[],"_links":{"self":[{"href":"https:\/\/zbranebudai.sk\/hu\/wp-json\/wp\/v2\/product\/13910","targetHints":{"allow":["GET"]}}],"collection":[{"href":"https:\/\/zbranebudai.sk\/hu\/wp-json\/wp\/v2\/product"}],"about":[{"href":"https:\/\/zbranebudai.sk\/hu\/wp-json\/wp\/v2\/types\/product"}],"wp:featuredmedia":[{"embeddable":true,"href":"https:\/\/zbranebudai.sk\/hu\/wp-json\/wp\/v2\/media\/7414"}],"wp:attachment":[{"href":"https:\/\/zbranebudai.sk\/hu\/wp-json\/wp\/v2\/media?parent=13910"}],"wp:term":[{"taxonomy":"product_brand","embeddable":true,"href":"https:\/\/zbranebudai.sk\/hu\/wp-json\/wp\/v2\/product_brand?post=13910"},{"taxonomy":"product_cat","embeddable":true,"href":"https:\/\/zbranebudai.sk\/hu\/wp-json\/wp\/v2\/product_cat?post=13910"},{"taxonomy":"product_tag","embeddable":true,"href":"https:\/\/zbranebudai.sk\/hu\/wp-json\/wp\/v2\/product_tag?post=13910"}],"curies":[{"name":"wp","href":"https:\/\/api.w.org\/{rel}","templated":true}]}}