{"id":13909,"date":"2025-02-17T17:55:41","date_gmt":"2025-02-17T15:55:41","guid":{"rendered":"https:\/\/zbranebudai.sk\/product\/pistol-exp-walther-p22q-r2d-kit-kal-9mm-p-a-k\/"},"modified":"2026-04-16T03:34:56","modified_gmt":"2026-04-16T01:34:56","slug":"pisztoly-exp-walther-p22q-r2d-kit-kal-9mm-p-a-k","status":"publish","type":"product","link":"https:\/\/zbranebudai.sk\/hu\/product\/pistol-exp-walther-p22q-r2d-kit-kal-9mm-p-a-k\/","title":{"rendered":"Pisztoly exp. Walther P22Q R2D-Kit, cal. 9mm P.A.K."},"content":{"rendered":"<p>PARAM\u00c9TEREK:<\/p>\n<p>Teljes hossz: 154 mm<br \/>\nT\u00e1lcakapacit\u00e1s: 7<br \/>\nS\u00faly: 480 g<\/p>","protected":false},"excerpt":{"rendered":"<p>A Walther P22Q (Quick Defense) a vil\u00e1g egyik legsikeresebb kiskaliber\u0171 pisztoly\u00e1nak, a Walther P22-nek tov\u00e1bbfejlesztett v\u00e1ltozata.  V\u00e9kony kialak\u00edt\u00e1s\u00e1val, kiv\u00e1l\u00f3 megb\u00edzhat\u00f3s\u00e1g\u00e1val \u00e9s intuit\u00edv kezel\u00e9s\u00e9vel a P22Q k\u00fcl\u00f6n\u00f6sen n\u00e9pszer\u0171 a kompakt \u00e9s k\u00f6nny\u0171 b\u0151v\u00edtm\u00e9nyekkel rendelkez\u0151 pisztolyok felhaszn\u00e1l\u00f3i k\u00f6r\u00e9ben. A Q modell a standard P22-hez k\u00e9pest teljesen \u00fajratervezett v\u00e1zzal rendelkezik, Hi-Grip kivitelben \u00e9s k\u00e9t m\u00e9retben (S\/L) cser\u00e9lhet\u0151 h\u00e1tlapokkal. Ezenk\u00edv\u00fcl a jobb kezelhet\u0151s\u00e9g \u00e9rdek\u00e9ben a z\u00e1r\u00f3fogakat megnagyobb\u00edtott\u00e1k. A Walther P22Q k\u00e9tkezes kezel\u0151szervekkel \u00e9s pikatinny s\u00ednnel is rendelkezik, amely lehet\u0151v\u00e9 teszi a k\u00fcl\u00f6nb\u00f6z\u0151 tartoz\u00e9kok felszerel\u00e9s\u00e9t. A k\u00e9szlet a k\u00f6vetkez\u0151ket tartalmazza: b\u0151v\u00edt\u0151 pisztoly Walther P22Q fekete, cal. 9mm P.A.K. (308.02.20), Walther ProSecur 360 40ml v\u00e9delmi spray (2.2023), Walther BTK - BlackTacKnife (5.0715), Walther PRO PL50 zsebl\u00e1mpa (3.7081), kem\u00e9ny m\u00e9ly m\u0171anyag tok k\u00e9t v\u00e1kuumz\u00e1rral.<\/p>","protected":false},"featured_media":7408,"template":"","meta":{"_gspb_post_css":""},"product_brand":[],"product_cat":[1825,1831,1826,1830,1824],"product_tag":[],"class_list":{"0":"post-13909","1":"product","2":"type-product","3":"status-publish","4":"has-post-thumbnail","6":"product_cat-expanzne-zbrane","7":"product_cat-pistole-umarex","8":"product_cat-umarex","9":"product_cat-walther","10":"product_cat-zbrane-18-d","12":"first","13":"instock","14":"taxable","15":"shipping-taxable","16":"purchasable","17":"product-type-simple"},"ct_brands":[],"_links":{"self":[{"href":"https:\/\/zbranebudai.sk\/hu\/wp-json\/wp\/v2\/product\/13909","targetHints":{"allow":["GET"]}}],"collection":[{"href":"https:\/\/zbranebudai.sk\/hu\/wp-json\/wp\/v2\/product"}],"about":[{"href":"https:\/\/zbranebudai.sk\/hu\/wp-json\/wp\/v2\/types\/product"}],"wp:featuredmedia":[{"embeddable":true,"href":"https:\/\/zbranebudai.sk\/hu\/wp-json\/wp\/v2\/media\/7408"}],"wp:attachment":[{"href":"https:\/\/zbranebudai.sk\/hu\/wp-json\/wp\/v2\/media?parent=13909"}],"wp:term":[{"taxonomy":"product_brand","embeddable":true,"href":"https:\/\/zbranebudai.sk\/hu\/wp-json\/wp\/v2\/product_brand?post=13909"},{"taxonomy":"product_cat","embeddable":true,"href":"https:\/\/zbranebudai.sk\/hu\/wp-json\/wp\/v2\/product_cat?post=13909"},{"taxonomy":"product_tag","embeddable":true,"href":"https:\/\/zbranebudai.sk\/hu\/wp-json\/wp\/v2\/product_tag?post=13909"}],"curies":[{"name":"wp","href":"https:\/\/api.w.org\/{rel}","templated":true}]}}