{"id":13900,"date":"2025-02-17T17:55:40","date_gmt":"2025-02-17T15:55:40","guid":{"rendered":"https:\/\/zbranebudai.sk\/product\/zasobnik-ruger-american-rifle-243win-308win-4rd-90689\/"},"modified":"2026-04-16T04:37:54","modified_gmt":"2026-04-16T02:37:54","slug":"ruger-american-rifle-243win-308win-4rd-90689","status":"publish","type":"product","link":"https:\/\/zbranebudai.sk\/hu\/product\/zasobnik-ruger-american-rifle-243win-308win-4rd-90689\/","title":{"rendered":"Ruger American Rifle .243Win.\/.308Win., 4rd (90689)"},"content":{"rendered":"","protected":false},"excerpt":{"rendered":"<p>T\u00e1rkapacit\u00e1s 4 t\u00f6lt\u00e9ny. Ruger American Rifle cal. .243Win., .308Win., 6.5 Creedmoor, 6mm Creedmoor \u00e9s 7mm-08 Rem.<\/p>","protected":false},"featured_media":7380,"template":"","meta":{"_gspb_post_css":""},"product_brand":[],"product_cat":[1821,1838,1837,1820],"product_tag":[],"class_list":{"0":"post-13900","1":"product","2":"type-product","3":"status-publish","4":"has-post-thumbnail","6":"product_cat-gulovnice-zbrane-b-c","7":"product_cat-prislusenstvo-ruger","8":"product_cat-ruger","9":"product_cat-zbrane-b-c","11":"first","12":"instock","13":"taxable","14":"shipping-taxable","15":"purchasable","16":"product-type-simple"},"ct_brands":[],"_links":{"self":[{"href":"https:\/\/zbranebudai.sk\/hu\/wp-json\/wp\/v2\/product\/13900","targetHints":{"allow":["GET"]}}],"collection":[{"href":"https:\/\/zbranebudai.sk\/hu\/wp-json\/wp\/v2\/product"}],"about":[{"href":"https:\/\/zbranebudai.sk\/hu\/wp-json\/wp\/v2\/types\/product"}],"wp:featuredmedia":[{"embeddable":true,"href":"https:\/\/zbranebudai.sk\/hu\/wp-json\/wp\/v2\/media\/7380"}],"wp:attachment":[{"href":"https:\/\/zbranebudai.sk\/hu\/wp-json\/wp\/v2\/media?parent=13900"}],"wp:term":[{"taxonomy":"product_brand","embeddable":true,"href":"https:\/\/zbranebudai.sk\/hu\/wp-json\/wp\/v2\/product_brand?post=13900"},{"taxonomy":"product_cat","embeddable":true,"href":"https:\/\/zbranebudai.sk\/hu\/wp-json\/wp\/v2\/product_cat?post=13900"},{"taxonomy":"product_tag","embeddable":true,"href":"https:\/\/zbranebudai.sk\/hu\/wp-json\/wp\/v2\/product_tag?post=13900"}],"curies":[{"name":"wp","href":"https:\/\/api.w.org\/{rel}","templated":true}]}}