{"id":13899,"date":"2025-02-17T17:55:40","date_gmt":"2025-02-17T15:55:40","guid":{"rendered":"https:\/\/zbranebudai.sk\/product\/weaver-lista-pre-ruger-10-22\/"},"modified":"2026-04-16T04:37:55","modified_gmt":"2026-04-16T02:37:55","slug":"weaver-lista-a-ruger-10-22-hez","status":"publish","type":"product","link":"https:\/\/zbranebudai.sk\/hu\/product\/weaver-lista-pre-ruger-10-22\/","title":{"rendered":"Weaver r\u00fad Ruger 10\/22-hez"},"content":{"rendered":"","protected":false},"excerpt":{"rendered":"<p>Fekete sz\u00f6v\u0151sz\u00e1r 90329 Ruger 10\/22-hez, szerel\u0151csavarokkal egy\u00fctt.<\/p>","protected":false},"featured_media":7378,"template":"","meta":{"_gspb_post_css":""},"product_brand":[],"product_cat":[1821,1838,1837,1820],"product_tag":[],"class_list":{"0":"post-13899","1":"product","2":"type-product","3":"status-publish","4":"has-post-thumbnail","6":"product_cat-gulovnice-zbrane-b-c","7":"product_cat-prislusenstvo-ruger","8":"product_cat-ruger","9":"product_cat-zbrane-b-c","11":"first","12":"outofstock","13":"taxable","14":"shipping-taxable","15":"purchasable","16":"product-type-simple"},"ct_brands":[],"_links":{"self":[{"href":"https:\/\/zbranebudai.sk\/hu\/wp-json\/wp\/v2\/product\/13899","targetHints":{"allow":["GET"]}}],"collection":[{"href":"https:\/\/zbranebudai.sk\/hu\/wp-json\/wp\/v2\/product"}],"about":[{"href":"https:\/\/zbranebudai.sk\/hu\/wp-json\/wp\/v2\/types\/product"}],"wp:featuredmedia":[{"embeddable":true,"href":"https:\/\/zbranebudai.sk\/hu\/wp-json\/wp\/v2\/media\/7378"}],"wp:attachment":[{"href":"https:\/\/zbranebudai.sk\/hu\/wp-json\/wp\/v2\/media?parent=13899"}],"wp:term":[{"taxonomy":"product_brand","embeddable":true,"href":"https:\/\/zbranebudai.sk\/hu\/wp-json\/wp\/v2\/product_brand?post=13899"},{"taxonomy":"product_cat","embeddable":true,"href":"https:\/\/zbranebudai.sk\/hu\/wp-json\/wp\/v2\/product_cat?post=13899"},{"taxonomy":"product_tag","embeddable":true,"href":"https:\/\/zbranebudai.sk\/hu\/wp-json\/wp\/v2\/product_tag?post=13899"}],"curies":[{"name":"wp","href":"https:\/\/api.w.org\/{rel}","templated":true}]}}