{"id":13897,"date":"2025-02-17T17:55:40","date_gmt":"2025-02-17T15:55:40","guid":{"rendered":"https:\/\/zbranebudai.sk\/product\/zasobnik-na-gulicky-pre-colt-python-357-kal-45mm-plastovy\/"},"modified":"2026-04-30T09:27:17","modified_gmt":"2026-04-30T07:27:17","slug":"toltenytalca-colt-python-357-cal-45mm-muanyaghoz","status":"publish","type":"product","link":"https:\/\/zbranebudai.sk\/hu\/product\/zasobnik-na-gulicky-pre-colt-python-357-kal-45mm-plastovy\/","title":{"rendered":"T\u00f6lt\u00e9nyt\u00e1r a Colt Python .357-es, cal. 4,5mm, m\u0171anyag"},"content":{"rendered":"","protected":false},"excerpt":{"rendered":"<p>M\u0171anyag ac\u00e9lgoly\u00f3s t\u00e1r Colt Python .357 6\u2033 \u00e9s 2,5\u2033 CO2 revolverekhez (5.8147 \u00e9s 5.8149).<\/p>","protected":false},"featured_media":7374,"template":"","meta":{"_gspb_post_css":""},"product_brand":[],"product_cat":[1833,1824,1828],"product_tag":[],"class_list":{"0":"post-13897","1":"product","2":"type-product","3":"status-publish","4":"has-post-thumbnail","6":"product_cat-co2-prislusenstvo","7":"product_cat-zbrane-18-d","8":"product_cat-zbrane-na-co2","10":"first","11":"outofstock","12":"taxable","13":"shipping-taxable","14":"purchasable","15":"product-type-simple"},"ct_brands":[],"_links":{"self":[{"href":"https:\/\/zbranebudai.sk\/hu\/wp-json\/wp\/v2\/product\/13897","targetHints":{"allow":["GET"]}}],"collection":[{"href":"https:\/\/zbranebudai.sk\/hu\/wp-json\/wp\/v2\/product"}],"about":[{"href":"https:\/\/zbranebudai.sk\/hu\/wp-json\/wp\/v2\/types\/product"}],"wp:featuredmedia":[{"embeddable":true,"href":"https:\/\/zbranebudai.sk\/hu\/wp-json\/wp\/v2\/media\/7374"}],"wp:attachment":[{"href":"https:\/\/zbranebudai.sk\/hu\/wp-json\/wp\/v2\/media?parent=13897"}],"wp:term":[{"taxonomy":"product_brand","embeddable":true,"href":"https:\/\/zbranebudai.sk\/hu\/wp-json\/wp\/v2\/product_brand?post=13897"},{"taxonomy":"product_cat","embeddable":true,"href":"https:\/\/zbranebudai.sk\/hu\/wp-json\/wp\/v2\/product_cat?post=13897"},{"taxonomy":"product_tag","embeddable":true,"href":"https:\/\/zbranebudai.sk\/hu\/wp-json\/wp\/v2\/product_tag?post=13897"}],"curies":[{"name":"wp","href":"https:\/\/api.w.org\/{rel}","templated":true}]}}