{"id":13896,"date":"2025-02-17T17:55:39","date_gmt":"2025-02-17T15:55:39","guid":{"rendered":"https:\/\/zbranebudai.sk\/product\/ruger-10-22-tactical-1261-10-22-fs-kal-22lr\/"},"modified":"2026-04-16T05:08:07","modified_gmt":"2026-04-16T03:08:07","slug":"ruger-10-22-tactical-1261-10-22-fs-kal-22lr","status":"publish","type":"product","link":"https:\/\/zbranebudai.sk\/hu\/product\/ruger-10-22-tactical-1261-10-22-fs-kal-22lr\/","title":{"rendered":"Ruger 10\/22 Tactical 1261 (10\/22-FS), cal. .22LR"},"content":{"rendered":"<p>PARAM\u00c9TEREK:<\/p>\n<p>Cs\u0151 hossza: 41cm (16.12in)<br \/>\nTeljes hossz: 92 cm<br \/>\nA tart\u00e1ly kapacit\u00e1sa: 10<br \/>\nHord\u00f3nagys\u00e1g: 1:16<br \/>\nWeaver bar: igen<br \/>\nAnyag: ac\u00e9l<br \/>\n\u00cdg\u00e9ret: Szintetikus\u00a0<br \/>\nS\u00faly: 2 kg<\/p>","protected":false},"excerpt":{"rendered":"<p>A Ruger 10\/22 az egyik legn\u00e9pszer\u0171bb \u00e9s legsz\u00e9lesebb k\u00f6rben haszn\u00e1lt kis kaliber\u0171 puska az USA-ban. \u00c9s joggal - a 10\/22 t\u00f6bb mint 50 \u00e9ve kedvelt v\u00e1laszt\u00e1s a szabadid\u0151s \u00e9s sportl\u00f6v\u00e9szetben, valamint az apr\u00f3vad vad\u00e1szatban, k\u00f6sz\u00f6nhet\u0151en megb\u00edzhat\u00f3s\u00e1g\u00e1nak \u00e9s pontoss\u00e1g\u00e1nak. A k\u00e9szleteket 2024 szeptember\u00e9ben t\u00f6ltj\u00fck fel.<\/p>","protected":false},"featured_media":7372,"template":"","meta":{"_gspb_post_css":""},"product_brand":[],"product_cat":[1890,1821,1837,1972,1820],"product_tag":[],"class_list":{"0":"post-13896","1":"product","2":"type-product","3":"status-publish","4":"has-post-thumbnail","6":"product_cat-10-22","7":"product_cat-gulovnice-zbrane-b-c","8":"product_cat-ruger","9":"product_cat-tactical","10":"product_cat-zbrane-b-c","12":"first","13":"instock","14":"taxable","15":"shipping-taxable","16":"purchasable","17":"product-type-simple"},"ct_brands":[],"_links":{"self":[{"href":"https:\/\/zbranebudai.sk\/hu\/wp-json\/wp\/v2\/product\/13896","targetHints":{"allow":["GET"]}}],"collection":[{"href":"https:\/\/zbranebudai.sk\/hu\/wp-json\/wp\/v2\/product"}],"about":[{"href":"https:\/\/zbranebudai.sk\/hu\/wp-json\/wp\/v2\/types\/product"}],"wp:featuredmedia":[{"embeddable":true,"href":"https:\/\/zbranebudai.sk\/hu\/wp-json\/wp\/v2\/media\/7372"}],"wp:attachment":[{"href":"https:\/\/zbranebudai.sk\/hu\/wp-json\/wp\/v2\/media?parent=13896"}],"wp:term":[{"taxonomy":"product_brand","embeddable":true,"href":"https:\/\/zbranebudai.sk\/hu\/wp-json\/wp\/v2\/product_brand?post=13896"},{"taxonomy":"product_cat","embeddable":true,"href":"https:\/\/zbranebudai.sk\/hu\/wp-json\/wp\/v2\/product_cat?post=13896"},{"taxonomy":"product_tag","embeddable":true,"href":"https:\/\/zbranebudai.sk\/hu\/wp-json\/wp\/v2\/product_tag?post=13896"}],"curies":[{"name":"wp","href":"https:\/\/api.w.org\/{rel}","templated":true}]}}