{"id":13894,"date":"2025-02-17T17:55:39","date_gmt":"2025-02-17T15:55:39","guid":{"rendered":"https:\/\/zbranebudai.sk\/product\/pazba-tikka-t3x-hunter-battue-rh-o\/"},"modified":"2026-04-16T03:46:14","modified_gmt":"2026-04-16T01:46:14","slug":"a-tikka-t3x-hunter-battue-ismerete-rh-o","status":"publish","type":"product","link":"https:\/\/zbranebudai.sk\/hu\/product\/pazba-tikka-t3x-hunter-battue-rh-o\/","title":{"rendered":"Tikka T3x Hunter\/Battue RH O"},"content":{"rendered":"","protected":false},"excerpt":{"rendered":"<p>Tikka T3x pusk\u00e1hoz val\u00f3 sz\u00e1r, jobbkezeseknek, bakancs \u00e9s hevederes foganty\u00faval<\/p>","protected":false},"featured_media":7368,"template":"","meta":{"_gspb_post_css":""},"product_brand":[],"product_cat":[1821,1875,1855,1854,1820],"product_tag":[],"class_list":{"0":"post-13894","1":"product","2":"type-product","3":"status-publish","4":"has-post-thumbnail","6":"product_cat-gulovnice-zbrane-b-c","7":"product_cat-pazby","8":"product_cat-prislusenstvo-tikka","9":"product_cat-tikka","10":"product_cat-zbrane-b-c","12":"first","13":"outofstock","14":"taxable","15":"shipping-taxable","16":"purchasable","17":"product-type-simple"},"ct_brands":[],"_links":{"self":[{"href":"https:\/\/zbranebudai.sk\/hu\/wp-json\/wp\/v2\/product\/13894","targetHints":{"allow":["GET"]}}],"collection":[{"href":"https:\/\/zbranebudai.sk\/hu\/wp-json\/wp\/v2\/product"}],"about":[{"href":"https:\/\/zbranebudai.sk\/hu\/wp-json\/wp\/v2\/types\/product"}],"wp:featuredmedia":[{"embeddable":true,"href":"https:\/\/zbranebudai.sk\/hu\/wp-json\/wp\/v2\/media\/7368"}],"wp:attachment":[{"href":"https:\/\/zbranebudai.sk\/hu\/wp-json\/wp\/v2\/media?parent=13894"}],"wp:term":[{"taxonomy":"product_brand","embeddable":true,"href":"https:\/\/zbranebudai.sk\/hu\/wp-json\/wp\/v2\/product_brand?post=13894"},{"taxonomy":"product_cat","embeddable":true,"href":"https:\/\/zbranebudai.sk\/hu\/wp-json\/wp\/v2\/product_cat?post=13894"},{"taxonomy":"product_tag","embeddable":true,"href":"https:\/\/zbranebudai.sk\/hu\/wp-json\/wp\/v2\/product_tag?post=13894"}],"curies":[{"name":"wp","href":"https:\/\/api.w.org\/{rel}","templated":true}]}}