{"id":13890,"date":"2025-02-17T17:55:39","date_gmt":"2025-02-17T15:55:39","guid":{"rendered":"https:\/\/zbranebudai.sk\/product\/zasobnik-mag-9-90404-pre-ruger-ec9s-lc9s-lc9-zvacsene-dno\/"},"modified":"2025-10-13T17:46:35","modified_gmt":"2025-10-13T15:46:35","slug":"mag-9-90404-talca-ruger-ec9s-lc9s-lc9-lc9-lc9-csavart-aljahoz","status":"publish","type":"product","link":"https:\/\/zbranebudai.sk\/hu\/product\/zasobnik-mag-9-90404-pre-ruger-ec9s-lc9s-lc9-zvacsene-dno\/","title":{"rendered":"MAG\/9 t\u00e1r (90404) Ruger EC9s\/LC9s\/LC9-hez (nagy\u00edtott als\u00f3 r\u00e9sz)"},"content":{"rendered":"","protected":false},"excerpt":{"rendered":"<p>Megnagyobb\u00edtott alj\u00fa t\u00e1r Ruger EC9, LC9 \u00e9s LC9, cal. 9mm Luger, t\u00e1rkapacit\u00e1s 9 t\u00f6lt\u00e9ny<\/p>","protected":false},"featured_media":7360,"template":"","meta":{"_gspb_post_css":""},"product_brand":[],"product_cat":[1864,1898,1877,1820],"product_tag":[],"class_list":{"0":"post-13890","1":"product","2":"type-product","3":"status-publish","4":"has-post-thumbnail","6":"product_cat-pistole-zbrane-b-c","7":"product_cat-prislusenstvo-ruger-ruger-pistole-zbrane-b-c","8":"product_cat-ruger-pistole-zbrane-b-c","9":"product_cat-zbrane-b-c","11":"first","12":"outofstock","13":"taxable","14":"shipping-taxable","15":"purchasable","16":"product-type-simple"},"ct_brands":[],"_links":{"self":[{"href":"https:\/\/zbranebudai.sk\/hu\/wp-json\/wp\/v2\/product\/13890","targetHints":{"allow":["GET"]}}],"collection":[{"href":"https:\/\/zbranebudai.sk\/hu\/wp-json\/wp\/v2\/product"}],"about":[{"href":"https:\/\/zbranebudai.sk\/hu\/wp-json\/wp\/v2\/types\/product"}],"wp:featuredmedia":[{"embeddable":true,"href":"https:\/\/zbranebudai.sk\/hu\/wp-json\/wp\/v2\/media\/7360"}],"wp:attachment":[{"href":"https:\/\/zbranebudai.sk\/hu\/wp-json\/wp\/v2\/media?parent=13890"}],"wp:term":[{"taxonomy":"product_brand","embeddable":true,"href":"https:\/\/zbranebudai.sk\/hu\/wp-json\/wp\/v2\/product_brand?post=13890"},{"taxonomy":"product_cat","embeddable":true,"href":"https:\/\/zbranebudai.sk\/hu\/wp-json\/wp\/v2\/product_cat?post=13890"},{"taxonomy":"product_tag","embeddable":true,"href":"https:\/\/zbranebudai.sk\/hu\/wp-json\/wp\/v2\/product_tag?post=13890"}],"curies":[{"name":"wp","href":"https:\/\/api.w.org\/{rel}","templated":true}]}}