{"id":13886,"date":"2025-02-17T17:55:38","date_gmt":"2025-02-17T15:55:38","guid":{"rendered":"https:\/\/zbranebudai.sk\/product\/muska-hiviz-rg2006-ruger-p-series-fiber-optic\/"},"modified":"2026-04-16T04:48:00","modified_gmt":"2026-04-16T02:48:00","slug":"muska-hiviz-rg2006-ruger-p-sorozat-szaloptika","status":"publish","type":"product","link":"https:\/\/zbranebudai.sk\/hu\/product\/muska-hiviz-rg2006-ruger-p-series-fiber-optic\/","title":{"rendered":"HiViz RG2006 Ruger P-sorozat\u00fa sz\u00e1loptik\u00e1s l\u00e9gy"},"content":{"rendered":"","protected":false},"excerpt":{"rendered":"","protected":false},"featured_media":0,"template":"","meta":{"_gspb_post_css":""},"product_brand":[],"product_cat":[1917,1858,1859,1820],"product_tag":[],"class_list":{"0":"post-13886","1":"product","2":"type-product","3":"status-publish","5":"product_cat-prislusenstvo-ruger-ruger-revolvery-zbrane-b-c","6":"product_cat-revolvery-zbrane-b-c","7":"product_cat-ruger-revolvery-zbrane-b-c","8":"product_cat-zbrane-b-c","10":"first","11":"outofstock","12":"taxable","13":"shipping-taxable","14":"purchasable","15":"product-type-simple"},"ct_brands":[],"_links":{"self":[{"href":"https:\/\/zbranebudai.sk\/hu\/wp-json\/wp\/v2\/product\/13886","targetHints":{"allow":["GET"]}}],"collection":[{"href":"https:\/\/zbranebudai.sk\/hu\/wp-json\/wp\/v2\/product"}],"about":[{"href":"https:\/\/zbranebudai.sk\/hu\/wp-json\/wp\/v2\/types\/product"}],"wp:attachment":[{"href":"https:\/\/zbranebudai.sk\/hu\/wp-json\/wp\/v2\/media?parent=13886"}],"wp:term":[{"taxonomy":"product_brand","embeddable":true,"href":"https:\/\/zbranebudai.sk\/hu\/wp-json\/wp\/v2\/product_brand?post=13886"},{"taxonomy":"product_cat","embeddable":true,"href":"https:\/\/zbranebudai.sk\/hu\/wp-json\/wp\/v2\/product_cat?post=13886"},{"taxonomy":"product_tag","embeddable":true,"href":"https:\/\/zbranebudai.sk\/hu\/wp-json\/wp\/v2\/product_tag?post=13886"}],"curies":[{"name":"wp","href":"https:\/\/api.w.org\/{rel}","templated":true}]}}