{"id":13885,"date":"2025-02-17T17:55:38","date_gmt":"2025-02-17T15:55:38","guid":{"rendered":"https:\/\/zbranebudai.sk\/product\/puzdro-kozene-opaskove-pre-ruger-mark-iv-mark-iii-22-45\/"},"modified":"2026-04-16T04:56:20","modified_gmt":"2026-04-16T02:56:20","slug":"bor-ovtaska-ruger-mark-iv-mark-iii-22-45","status":"publish","type":"product","link":"https:\/\/zbranebudai.sk\/hu\/product\/puzdro-kozene-opaskove-pre-ruger-mark-iv-mark-iii-22-45\/","title":{"rendered":"B\u0151r \u00f6vt\u00e1ska Ruger Mark IV\u2122 Mark III\u2122 \u00e9s 22\/45\u2122 fegyverekhez"},"content":{"rendered":"<p>Nem illik a Mark-Series 22\/45\u2122 Lite modellekhez.<\/p>\n<p>Ruger log\u00f3 az el\u00fcls\u0151 oldalon. Az USA-ban k\u00e9sz\u00fclt a Triple K \u00e1ltal.<\/p>","protected":false},"excerpt":{"rendered":"<p>A di\u00f3fa olajjal kezelt b\u0151rt\u00e1ska csak Ruger\u00ae Mark IV\u2122, Mark III\u2122 \u00e9s MK-sorozat\u00fa 22\/45\u2122 pisztolyokhoz illik.<\/p>","protected":false},"featured_media":7343,"template":"","meta":{"_gspb_post_css":""},"product_brand":[],"product_cat":[1864,1898,1877,1820],"product_tag":[],"class_list":{"0":"post-13885","1":"product","2":"type-product","3":"status-publish","4":"has-post-thumbnail","6":"product_cat-pistole-zbrane-b-c","7":"product_cat-prislusenstvo-ruger-ruger-pistole-zbrane-b-c","8":"product_cat-ruger-pistole-zbrane-b-c","9":"product_cat-zbrane-b-c","11":"first","12":"outofstock","13":"taxable","14":"shipping-taxable","15":"purchasable","16":"product-type-simple"},"ct_brands":[],"_links":{"self":[{"href":"https:\/\/zbranebudai.sk\/hu\/wp-json\/wp\/v2\/product\/13885","targetHints":{"allow":["GET"]}}],"collection":[{"href":"https:\/\/zbranebudai.sk\/hu\/wp-json\/wp\/v2\/product"}],"about":[{"href":"https:\/\/zbranebudai.sk\/hu\/wp-json\/wp\/v2\/types\/product"}],"wp:featuredmedia":[{"embeddable":true,"href":"https:\/\/zbranebudai.sk\/hu\/wp-json\/wp\/v2\/media\/7343"}],"wp:attachment":[{"href":"https:\/\/zbranebudai.sk\/hu\/wp-json\/wp\/v2\/media?parent=13885"}],"wp:term":[{"taxonomy":"product_brand","embeddable":true,"href":"https:\/\/zbranebudai.sk\/hu\/wp-json\/wp\/v2\/product_brand?post=13885"},{"taxonomy":"product_cat","embeddable":true,"href":"https:\/\/zbranebudai.sk\/hu\/wp-json\/wp\/v2\/product_cat?post=13885"},{"taxonomy":"product_tag","embeddable":true,"href":"https:\/\/zbranebudai.sk\/hu\/wp-json\/wp\/v2\/product_tag?post=13885"}],"curies":[{"name":"wp","href":"https:\/\/api.w.org\/{rel}","templated":true}]}}