{"id":13876,"date":"2025-02-17T17:55:37","date_gmt":"2025-02-17T15:55:37","guid":{"rendered":"https:\/\/zbranebudai.sk\/product\/puska-co2-walther-lever-action-steel-finish-kal-45mm-diabolo\/"},"modified":"2026-04-23T06:34:17","modified_gmt":"2026-04-23T04:34:17","slug":"co2-pisztoly-walther-karos-fegyver-acel-kivitel-kal-45mm-diabolo","status":"publish","type":"product","link":"https:\/\/zbranebudai.sk\/hu\/product\/puska-co2-walther-lever-action-steel-finish-kal-45mm-diabolo\/","title":{"rendered":"Puska CO2 Walther Lever Action ac\u00e9l kivitelben, cal. 4,5mm diabolo"},"content":{"rendered":"<p>PARAM\u00c9TEREK:<\/p>\n<p>Energia: legfeljebb 7,5 J<br \/>\nBitsebess\u00e9g: 175 m\/s (574 fps)<br \/>\nCs\u0151hossz: 480 mm<br \/>\nTeljes hossz: 996 mm<br \/>\nEnergiaforr\u00e1s: 1x 88 g CO\u2082<br \/>\nT\u00e1rkapacit\u00e1s: 8 t\u00f6lt\u00e9ny<br \/>\nS\u00faly: 2,74 kg<\/p>","protected":false},"excerpt":{"rendered":"<p>Gy\u00f6ny\u00f6r\u0171en megmunk\u00e1lt western pisztoly m\u00e1solata Lever Action rendszerrel. A n\u00e9met Umarex c\u00e9g kivitelez\u00e9se val\u00f3ban p\u00e9lda\u00e9rt\u00e9k\u0171. Teljesen f\u00e9mszerkezet\u0171, gy\u00f6ny\u00f6r\u0171 fa t\u00f6rzs teszi egyediv\u00e9 ezt a darabot. A kar meghajt\u00e1s\u00e1val t\u00f6rt\u00e9n\u0151 \u00fajrat\u00f6lt\u00e9s pontosan megegyezik a puska \u00e9les modellj\u00e9vel. A szabv\u00e1nyos nyolc k\u00f6r\u00f6s diabolo t\u00e1r, \u00e9rdekesebb\u00e9 \u00e9s ami m\u00e9g fontosabb, gyorsan megism\u00e9telhet\u0151v\u00e9 teszi a l\u00f6v\u00e9st. A l\u00e9gpuska k\u00e9zi biztos\u00edt\u00f3val, magass\u00e1gban \u00e1ll\u00edthat\u00f3 ir\u00e1nyz\u00e9kkal \u00e9s oldalir\u00e1nyban \u00e1ll\u00edthat\u00f3 ir\u00e1nyz\u00e9kkal van felszerelve. A l\u00e9gpusk\u00e1t egy nagym\u00e9ret\u0171, 88 g-os CO2-bomba hajtja, amely a l\u00f6v\u00e9sz\u00e1rba illeszthet\u0151, \u00e9s ak\u00e1r 300 l\u00f6v\u00e9st is lehet\u0151v\u00e9 tesz, bomb\u00e1nk\u00e9nt \u00e1lland\u00f3 t\u0171zgyorsas\u00e1ggal. A 88 grammos CO2-bomba helyett k\u00e9t darab 12 grammos, adapterbe helyezett bomba is haszn\u00e1lhat\u00f3 (az adapter nem tartoz\u00e9k). A tartoz\u00e9k 2 db 8 darab l\u00f6ved\u00e9khez val\u00f3 t\u00e1rat tartalmaz (416.120).<\/p>","protected":false},"featured_media":7315,"template":"","meta":{"_gspb_post_css":""},"product_brand":[],"product_cat":[1938,1824,1828],"product_tag":[],"class_list":{"0":"post-13876","1":"product","2":"type-product","3":"status-publish","4":"has-post-thumbnail","6":"product_cat-dlhe-zbrane-na-co2","7":"product_cat-zbrane-18-d","8":"product_cat-zbrane-na-co2","10":"first","11":"instock","12":"taxable","13":"shipping-taxable","14":"purchasable","15":"product-type-simple"},"ct_brands":[],"_links":{"self":[{"href":"https:\/\/zbranebudai.sk\/hu\/wp-json\/wp\/v2\/product\/13876","targetHints":{"allow":["GET"]}}],"collection":[{"href":"https:\/\/zbranebudai.sk\/hu\/wp-json\/wp\/v2\/product"}],"about":[{"href":"https:\/\/zbranebudai.sk\/hu\/wp-json\/wp\/v2\/types\/product"}],"wp:featuredmedia":[{"embeddable":true,"href":"https:\/\/zbranebudai.sk\/hu\/wp-json\/wp\/v2\/media\/7315"}],"wp:attachment":[{"href":"https:\/\/zbranebudai.sk\/hu\/wp-json\/wp\/v2\/media?parent=13876"}],"wp:term":[{"taxonomy":"product_brand","embeddable":true,"href":"https:\/\/zbranebudai.sk\/hu\/wp-json\/wp\/v2\/product_brand?post=13876"},{"taxonomy":"product_cat","embeddable":true,"href":"https:\/\/zbranebudai.sk\/hu\/wp-json\/wp\/v2\/product_cat?post=13876"},{"taxonomy":"product_tag","embeddable":true,"href":"https:\/\/zbranebudai.sk\/hu\/wp-json\/wp\/v2\/product_tag?post=13876"}],"curies":[{"name":"wp","href":"https:\/\/api.w.org\/{rel}","templated":true}]}}