{"id":13873,"date":"2025-02-17T17:55:36","date_gmt":"2025-02-17T15:55:36","guid":{"rendered":"https:\/\/zbranebudai.sk\/product\/popruh-209521-pre-sako-trg-kompletny-cierny\/"},"modified":"2026-04-16T04:39:45","modified_gmt":"2026-04-16T02:39:45","slug":"pant-209521-kabathoz-szogletes-komplett-fekete","status":"publish","type":"product","link":"https:\/\/zbranebudai.sk\/hu\/product\/popruh-209521-pre-sako-trg-kompletny-cierny\/","title":{"rendered":"P\u00e1nt 209521 a TRG kab\u00e1thoz komplett fekete sz\u00edn\u0171"},"content":{"rendered":"","protected":false},"excerpt":{"rendered":"<p>P\u00e1nt a TRG-22\/42\/M10 kab\u00e1thoz<\/p>","protected":false},"featured_media":7309,"template":"","meta":{"_gspb_post_css":""},"product_brand":[],"product_cat":[1939,1821,1928,1822,1820],"product_tag":[],"class_list":{"0":"post-13873","1":"product","2":"type-product","3":"status-publish","4":"has-post-thumbnail","6":"product_cat-doplnky-prislusenstvo-sako","7":"product_cat-gulovnice-zbrane-b-c","8":"product_cat-prislusenstvo-sako","9":"product_cat-sako","10":"product_cat-zbrane-b-c","12":"first","13":"outofstock","14":"taxable","15":"shipping-taxable","16":"purchasable","17":"product-type-simple"},"ct_brands":[],"_links":{"self":[{"href":"https:\/\/zbranebudai.sk\/hu\/wp-json\/wp\/v2\/product\/13873","targetHints":{"allow":["GET"]}}],"collection":[{"href":"https:\/\/zbranebudai.sk\/hu\/wp-json\/wp\/v2\/product"}],"about":[{"href":"https:\/\/zbranebudai.sk\/hu\/wp-json\/wp\/v2\/types\/product"}],"wp:featuredmedia":[{"embeddable":true,"href":"https:\/\/zbranebudai.sk\/hu\/wp-json\/wp\/v2\/media\/7309"}],"wp:attachment":[{"href":"https:\/\/zbranebudai.sk\/hu\/wp-json\/wp\/v2\/media?parent=13873"}],"wp:term":[{"taxonomy":"product_brand","embeddable":true,"href":"https:\/\/zbranebudai.sk\/hu\/wp-json\/wp\/v2\/product_brand?post=13873"},{"taxonomy":"product_cat","embeddable":true,"href":"https:\/\/zbranebudai.sk\/hu\/wp-json\/wp\/v2\/product_cat?post=13873"},{"taxonomy":"product_tag","embeddable":true,"href":"https:\/\/zbranebudai.sk\/hu\/wp-json\/wp\/v2\/product_tag?post=13873"}],"curies":[{"name":"wp","href":"https:\/\/api.w.org\/{rel}","templated":true}]}}