{"id":13870,"date":"2025-02-17T17:55:36","date_gmt":"2025-02-17T15:55:36","guid":{"rendered":"https:\/\/zbranebudai.sk\/product\/sako-trg-m10-kal-308win-coyote-brown-folding-stock-ns-lrr-30moa-26in\/"},"modified":"2026-04-16T05:15:57","modified_gmt":"2026-04-16T03:15:57","slug":"kabat-trg-m10-kal-308win-coyote-barna-osszecsukhato-allomany-ns-lrr-30moa-26in","status":"publish","type":"product","link":"https:\/\/zbranebudai.sk\/hu\/product\/sako-trg-m10-kal-308win-coyote-brown-folding-stock-ns-lrr-30moa-26in\/","title":{"rendered":"TRG M10, cal. .308Win., Coyote Brown \u00f6sszecsukhat\u00f3 sz\u00e1r (NS LRR 30MOA 26in)"},"content":{"rendered":"<p>PARAM\u00c9TEREK:<\/p>\n<p>Cs\u0151hossz: 656 mm (25.8 in)<br \/>\nTeljes hossz: 1186 mm<br \/>\nA tart\u00e1ly kapacit\u00e1sa: 11<br \/>\nHord\u00f3 oszt\u00e1s: 1:10<br \/>\nPicatinny s\u00edn: igen<br \/>\nAnyag: foszf\u00e1tozott cerakote ac\u00e9l, alum\u00ednium<br \/>\n\u00c1llom\u00e1ny: \u00f6sszecsukhat\u00f3<br \/>\nS\u00faly: 6,1 kg<\/p>\n<p>A csomag tartalma:<\/p>\n<p>1x SAKO TRG M10 puska<br \/>\n1x m\u0171anyag pisztolyt\u00e1ska<br \/>\n1x Sz\u00e9tszerel\u0151 szersz\u00e1m<br \/>\n1x zsan\u00e9r sz\u00e9tszerel\u0151 szersz\u00e1m<br \/>\n2x Cser\u00e9lhet\u0151 pisztolymarkolat h\u00e1tlapok<br \/>\n2x r\u00f6vid pikatinny s\u00edn<br \/>\n1x Hossz\u00fa pikatinny s\u00edn<\/p>\n<p>B\u0151vebben a www.sako.fi\/rifles\/sako-trg\/trg-m10#technical_specifications oldalon.<\/p>","protected":false},"excerpt":{"rendered":"<p>A SAKO TRG M10 a vezet\u0151 finn fegyvergy\u00e1rt\u00f3, a SAKO exkluz\u00edv ism\u00e9tl\u0151d\u0151 mesterl\u00f6v\u00e9szpusk\u00e1ja. Ez a nagyon vonz\u00f3 fegyver kiemelkedik a rendk\u00edv\u00fcl nagy l\u00f6v\u00e9si pontoss\u00e1ggal rendk\u00edv\u00fcl nagy t\u00e1vols\u00e1gokra. A TRG M10 eredetileg az Egyes\u00fclt \u00c1llamok K\u00fcl\u00f6nleges M\u0171veleti Parancsnoks\u00e1ga \u00e1ltal meghirdetett Prec\u00edzi\u00f3s Mesterl\u00f6v\u00e9szpuskaprogram egyik jel\u00f6ltjek\u00e9nt k\u00e9sz\u00fclt egy t\u00f6bb kaliber\u0171 mesterl\u00f6v\u00e9szpusk\u00e1ra.  A TRG M10 prec\u00edzi\u00f3s kr\u00f3m-molibd\u00e9n ac\u00e9lb\u00f3l k\u00e9sz\u00fclt, hidegen kov\u00e1csolt, \u00e1gy\u00fas, \"neh\u00e9zcs\u00f6ves\" kivitel\u0171, CERAKOTE kivitel\u0171, hidegen kov\u00e1csolt cs\u0151vel rendelkezik. A cs\u0151 szabadon lebeg\u0151 \u00e9s torkolatf\u00e9kkel felszerelhet\u0151. A z\u00e1rszerkezet Mauser t\u00edpus\u00fa, 3 z\u00e1r\u00f3foggal ell\u00e1tott. A TRG M10 k\u00e9tkezes kezel\u0151szervekkel \u00e9s k\u00e9zi biztos\u00edt\u00f3val rendelkezik, amely a ravaszv\u00e9d\u0151 el\u0151tti gerend\u00e1n bel\u00fcl helyezkedik el, valamint \u00f6sszecsukhat\u00f3 sz\u00e1rral, \u00e1ll\u00edthat\u00f3 hossz\u00fas\u00e1g\u00fa orr-r\u00e9sszel \u00e9s \u00e1ll\u00edthat\u00f3 magass\u00e1g\u00fa farokkal. A TRG M10 kialak\u00edt\u00e1sa \u00e9s \u00e1ltal\u00e1nos jellemz\u0151i egy\u00e9rtelm\u0171en azt sugallj\u00e1k, hogy k\u00f6zvetlen\u00fcl a katonai mesterl\u00f6v\u00e9szek c\u00e9lj\u00e1ra fejlesztett\u00e9k ki.<\/p>","protected":false},"featured_media":7301,"template":"","meta":{"_gspb_post_css":""},"product_brand":[],"product_cat":[1821,1822,1968,1969,1820],"product_tag":[],"class_list":{"0":"post-13870","1":"product","2":"type-product","3":"status-publish","4":"has-post-thumbnail","6":"product_cat-gulovnice-zbrane-b-c","7":"product_cat-sako","8":"product_cat-sako-trg","9":"product_cat-trg-m10","10":"product_cat-zbrane-b-c","12":"first","13":"outofstock","14":"taxable","15":"shipping-taxable","16":"purchasable","17":"product-type-simple"},"ct_brands":[],"_links":{"self":[{"href":"https:\/\/zbranebudai.sk\/hu\/wp-json\/wp\/v2\/product\/13870","targetHints":{"allow":["GET"]}}],"collection":[{"href":"https:\/\/zbranebudai.sk\/hu\/wp-json\/wp\/v2\/product"}],"about":[{"href":"https:\/\/zbranebudai.sk\/hu\/wp-json\/wp\/v2\/types\/product"}],"wp:featuredmedia":[{"embeddable":true,"href":"https:\/\/zbranebudai.sk\/hu\/wp-json\/wp\/v2\/media\/7301"}],"wp:attachment":[{"href":"https:\/\/zbranebudai.sk\/hu\/wp-json\/wp\/v2\/media?parent=13870"}],"wp:term":[{"taxonomy":"product_brand","embeddable":true,"href":"https:\/\/zbranebudai.sk\/hu\/wp-json\/wp\/v2\/product_brand?post=13870"},{"taxonomy":"product_cat","embeddable":true,"href":"https:\/\/zbranebudai.sk\/hu\/wp-json\/wp\/v2\/product_cat?post=13870"},{"taxonomy":"product_tag","embeddable":true,"href":"https:\/\/zbranebudai.sk\/hu\/wp-json\/wp\/v2\/product_tag?post=13870"}],"curies":[{"name":"wp","href":"https:\/\/api.w.org\/{rel}","templated":true}]}}