{"id":13865,"date":"2025-02-17T17:55:36","date_gmt":"2025-02-17T15:55:36","guid":{"rendered":"https:\/\/zbranebudai.sk\/product\/hk-mr223-a3-145-kal-223rem-slim-line-hkey-handguard\/"},"modified":"2026-04-16T03:48:58","modified_gmt":"2026-04-16T01:48:58","slug":"hk-mr223-a3-145-cal-223rem-slim-line-hkey-kezvedo","status":"publish","type":"product","link":"https:\/\/zbranebudai.sk\/hu\/product\/hk-mr223-a3-145-kal-223rem-slim-line-hkey-handguard\/","title":{"rendered":"HK MR223 A3 14,5\u2033, kal. .223Rem., Slim-Line HKey k\u00e9zi v\u00e9d\u0151pajzs"},"content":{"rendered":"<p>PARAM\u00c9TEREK:<\/p>\n<p>Cs\u0151hossz: 368 mm\u00a0<br \/>\nTeljes hossz: 800\/896 mm<br \/>\nA tart\u00e1ly kapacit\u00e1sa: 10\u00a0<br \/>\nPicatinny s\u00edn: igen<br \/>\nAnyag: ac\u00e9l<br \/>\nK\u00e9szlet: b\u0151v\u00edthet\u0151<br \/>\nS\u00faly: 3,8 kg<\/p>","protected":false},"excerpt":{"rendered":"<p>HK MR223 A3 - \u00f6nt\u00f6lt\u0151 puska, amely megb\u00edzhat\u00f3s\u00e1g\u00e1val t\u0171nik ki. Kiv\u00e1l\u00f3 eredm\u00e9nyek minden tesztben, kedvez\u0151tlen \u00e9ghajlati k\u00f6r\u00fclm\u00e9nyek k\u00f6z\u00f6tt.<\/p>","protected":false},"featured_media":7291,"template":"","meta":{"_gspb_post_css":""},"product_brand":[],"product_cat":[1821,1868,1867,1869,1820],"product_tag":[],"class_list":{"0":"post-13865","1":"product","2":"type-product","3":"status-publish","4":"has-post-thumbnail","6":"product_cat-gulovnice-zbrane-b-c","7":"product_cat-gulovnice-hk","8":"product_cat-heckler-koch-gulovnice-zbrane-b-c","9":"product_cat-mr223-a3","10":"product_cat-zbrane-b-c","12":"first","13":"instock","14":"taxable","15":"shipping-taxable","16":"purchasable","17":"product-type-simple"},"ct_brands":[],"_links":{"self":[{"href":"https:\/\/zbranebudai.sk\/hu\/wp-json\/wp\/v2\/product\/13865","targetHints":{"allow":["GET"]}}],"collection":[{"href":"https:\/\/zbranebudai.sk\/hu\/wp-json\/wp\/v2\/product"}],"about":[{"href":"https:\/\/zbranebudai.sk\/hu\/wp-json\/wp\/v2\/types\/product"}],"wp:featuredmedia":[{"embeddable":true,"href":"https:\/\/zbranebudai.sk\/hu\/wp-json\/wp\/v2\/media\/7291"}],"wp:attachment":[{"href":"https:\/\/zbranebudai.sk\/hu\/wp-json\/wp\/v2\/media?parent=13865"}],"wp:term":[{"taxonomy":"product_brand","embeddable":true,"href":"https:\/\/zbranebudai.sk\/hu\/wp-json\/wp\/v2\/product_brand?post=13865"},{"taxonomy":"product_cat","embeddable":true,"href":"https:\/\/zbranebudai.sk\/hu\/wp-json\/wp\/v2\/product_cat?post=13865"},{"taxonomy":"product_tag","embeddable":true,"href":"https:\/\/zbranebudai.sk\/hu\/wp-json\/wp\/v2\/product_tag?post=13865"}],"curies":[{"name":"wp","href":"https:\/\/api.w.org\/{rel}","templated":true}]}}