{"id":13864,"date":"2025-02-17T17:55:35","date_gmt":"2025-02-17T15:55:35","guid":{"rendered":"https:\/\/zbranebudai.sk\/product\/zasobnik-mr223-223rem-30-nabojov-green-brown\/"},"modified":"2026-05-07T12:47:24","modified_gmt":"2026-05-07T10:47:24","slug":"tar-mr223-223rem-30-tolteny-zold-barna","status":"publish","type":"product","link":"https:\/\/zbranebudai.sk\/hu\/product\/zasobnik-mr223-223rem-30-nabojov-green-brown\/","title":{"rendered":"MR223 t\u00e1r, .223Rem., 30 l\u00f6v\u00e9s Z\u00d6LD-BARNA"},"content":{"rendered":"","protected":false},"excerpt":{"rendered":"<p>Polimer \u00e1tl\u00e1tsz\u00f3 t\u00e1lca.<\/p>","protected":false},"featured_media":7289,"template":"","meta":{"_gspb_post_css":""},"product_brand":[],"product_cat":[1821,1867,1932,1820],"product_tag":[],"class_list":{"0":"post-13864","1":"product","2":"type-product","3":"status-publish","4":"has-post-thumbnail","6":"product_cat-gulovnice-zbrane-b-c","7":"product_cat-heckler-koch-gulovnice-zbrane-b-c","8":"product_cat-prislusenstvo-hk","9":"product_cat-zbrane-b-c","11":"first","12":"outofstock","13":"taxable","14":"shipping-taxable","15":"purchasable","16":"product-type-simple"},"ct_brands":[],"_links":{"self":[{"href":"https:\/\/zbranebudai.sk\/hu\/wp-json\/wp\/v2\/product\/13864","targetHints":{"allow":["GET"]}}],"collection":[{"href":"https:\/\/zbranebudai.sk\/hu\/wp-json\/wp\/v2\/product"}],"about":[{"href":"https:\/\/zbranebudai.sk\/hu\/wp-json\/wp\/v2\/types\/product"}],"wp:featuredmedia":[{"embeddable":true,"href":"https:\/\/zbranebudai.sk\/hu\/wp-json\/wp\/v2\/media\/7289"}],"wp:attachment":[{"href":"https:\/\/zbranebudai.sk\/hu\/wp-json\/wp\/v2\/media?parent=13864"}],"wp:term":[{"taxonomy":"product_brand","embeddable":true,"href":"https:\/\/zbranebudai.sk\/hu\/wp-json\/wp\/v2\/product_brand?post=13864"},{"taxonomy":"product_cat","embeddable":true,"href":"https:\/\/zbranebudai.sk\/hu\/wp-json\/wp\/v2\/product_cat?post=13864"},{"taxonomy":"product_tag","embeddable":true,"href":"https:\/\/zbranebudai.sk\/hu\/wp-json\/wp\/v2\/product_tag?post=13864"}],"curies":[{"name":"wp","href":"https:\/\/api.w.org\/{rel}","templated":true}]}}