{"id":13856,"date":"2025-02-17T17:55:33","date_gmt":"2025-02-17T15:55:33","guid":{"rendered":"https:\/\/zbranebudai.sk\/product\/tikka-t3x-lite-kal-8x57is-ns-3rd-20in-mt15x1\/"},"modified":"2026-04-16T04:34:55","modified_gmt":"2026-04-16T02:34:55","slug":"tikka-t3x-lite-kal-8x57is-ns-3rd-20in-mt15x1","status":"publish","type":"product","link":"https:\/\/zbranebudai.sk\/hu\/product\/tikka-t3x-lite-kal-8x57is-ns-3rd-20in-mt15x1\/","title":{"rendered":"Tikka T3x Lite, cal. 8x57IS (NS 3rd 20in MT15x1)"},"content":{"rendered":"<p>PARAM\u00c9TEREK:<\/p>\n<p>Cs\u0151hossz: 508 mm (20 in)<br \/>\nTeljes hossz: 1022 mm<br \/>\nT\u00e1lcakapacit\u00e1s: 3<br \/>\nCs\u0151oszt\u00e1s: 1:9,5<br \/>\nPicatinny s\u00edn: Nem<br \/>\nAnyag: ac\u00e9l<br \/>\n\u00cdg\u00e9ret: Szintetikus<br \/>\nS\u00faly: 2,8 kg<\/p>","protected":false},"excerpt":{"rendered":"<p>A Tikka T3x Lite egyes\u00edti a nagy teljes\u00edtm\u00e9nyt, a k\u00f6nny\u0171s\u00e9get \u00e9s a k\u00e9nyelmes kezelhet\u0151s\u00e9get. Ez a modell tart\u00f3s szintetikus sz\u00e1rral van felszerelve, \u00e9s a cs\u00f6kkentett s\u00falynak k\u00f6sz\u00f6nhet\u0151en alkalmas eg\u00e9sz napos t\u00far\u00e1kra.<\/p>","protected":false},"featured_media":7273,"template":"","meta":{"_gspb_post_css":""},"product_brand":[],"product_cat":[1821,1956,1955,1854,1861,1820],"product_tag":[],"class_list":{"0":"post-13856","1":"product","2":"type-product","3":"status-publish","4":"has-post-thumbnail","6":"product_cat-gulovnice-zbrane-b-c","7":"product_cat-t3x-lite","8":"product_cat-t3x-lite-series","9":"product_cat-tikka","10":"product_cat-tikka-t3x","11":"product_cat-zbrane-b-c","13":"first","14":"instock","15":"taxable","16":"shipping-taxable","17":"purchasable","18":"product-type-simple"},"ct_brands":[],"_links":{"self":[{"href":"https:\/\/zbranebudai.sk\/hu\/wp-json\/wp\/v2\/product\/13856","targetHints":{"allow":["GET"]}}],"collection":[{"href":"https:\/\/zbranebudai.sk\/hu\/wp-json\/wp\/v2\/product"}],"about":[{"href":"https:\/\/zbranebudai.sk\/hu\/wp-json\/wp\/v2\/types\/product"}],"wp:featuredmedia":[{"embeddable":true,"href":"https:\/\/zbranebudai.sk\/hu\/wp-json\/wp\/v2\/media\/7273"}],"wp:attachment":[{"href":"https:\/\/zbranebudai.sk\/hu\/wp-json\/wp\/v2\/media?parent=13856"}],"wp:term":[{"taxonomy":"product_brand","embeddable":true,"href":"https:\/\/zbranebudai.sk\/hu\/wp-json\/wp\/v2\/product_brand?post=13856"},{"taxonomy":"product_cat","embeddable":true,"href":"https:\/\/zbranebudai.sk\/hu\/wp-json\/wp\/v2\/product_cat?post=13856"},{"taxonomy":"product_tag","embeddable":true,"href":"https:\/\/zbranebudai.sk\/hu\/wp-json\/wp\/v2\/product_tag?post=13856"}],"curies":[{"name":"wp","href":"https:\/\/api.w.org\/{rel}","templated":true}]}}