{"id":13851,"date":"2025-02-17T17:55:32","date_gmt":"2025-02-17T15:55:32","guid":{"rendered":"https:\/\/zbranebudai.sk\/product\/pistol-co2-beretta-apx-cierna-kal-45mm-bb\/"},"modified":"2026-04-16T03:46:58","modified_gmt":"2026-04-16T01:46:58","slug":"co2-pisztoly-beretta-apx-fekete-cal-45mm-bb","status":"publish","type":"product","link":"https:\/\/zbranebudai.sk\/hu\/product\/pistol-co2-beretta-apx-cierna-kal-45mm-bb\/","title":{"rendered":"CO2 pisztoly Beretta APX fekete, cal. 4,5mm BB"},"content":{"rendered":"","protected":false},"excerpt":{"rendered":"<p>CO2 pisztoly kaliber\u0171 pisztoly. 4,5mm BB - ac\u00e9lgoly\u00f3, visszal\u00f6v\u00e9s, opp. DAO rendszer, f\u00e9m z\u00e1rszerkezet, polimer v\u00e1z, fekete, cs\u0151 106 mm, teljes hossz 190 mm, s\u00faly 666 g, t\u00e1rkapacit\u00e1s 19 goly\u00f3, stretch. sebess\u00e9g ak\u00e1r 120 m\/s<\/p>","protected":false},"featured_media":7249,"template":"","meta":{"_gspb_post_css":""},"product_brand":[],"product_cat":[1836,1829,1824,1828],"product_tag":[],"class_list":{"0":"post-13851","1":"product","2":"type-product","3":"status-publish","4":"has-post-thumbnail","6":"product_cat-beretta","7":"product_cat-pistole-na-co2","8":"product_cat-zbrane-18-d","9":"product_cat-zbrane-na-co2","11":"first","12":"instock","13":"taxable","14":"shipping-taxable","15":"purchasable","16":"product-type-simple"},"ct_brands":[],"_links":{"self":[{"href":"https:\/\/zbranebudai.sk\/hu\/wp-json\/wp\/v2\/product\/13851","targetHints":{"allow":["GET"]}}],"collection":[{"href":"https:\/\/zbranebudai.sk\/hu\/wp-json\/wp\/v2\/product"}],"about":[{"href":"https:\/\/zbranebudai.sk\/hu\/wp-json\/wp\/v2\/types\/product"}],"wp:featuredmedia":[{"embeddable":true,"href":"https:\/\/zbranebudai.sk\/hu\/wp-json\/wp\/v2\/media\/7249"}],"wp:attachment":[{"href":"https:\/\/zbranebudai.sk\/hu\/wp-json\/wp\/v2\/media?parent=13851"}],"wp:term":[{"taxonomy":"product_brand","embeddable":true,"href":"https:\/\/zbranebudai.sk\/hu\/wp-json\/wp\/v2\/product_brand?post=13851"},{"taxonomy":"product_cat","embeddable":true,"href":"https:\/\/zbranebudai.sk\/hu\/wp-json\/wp\/v2\/product_cat?post=13851"},{"taxonomy":"product_tag","embeddable":true,"href":"https:\/\/zbranebudai.sk\/hu\/wp-json\/wp\/v2\/product_tag?post=13851"}],"curies":[{"name":"wp","href":"https:\/\/api.w.org\/{rel}","templated":true}]}}