{"id":13850,"date":"2025-02-17T17:55:32","date_gmt":"2025-02-17T15:55:32","guid":{"rendered":"https:\/\/zbranebudai.sk\/product\/revolver-co2-legends-s40-kal-45mm-diab\/"},"modified":"2026-04-16T03:34:57","modified_gmt":"2026-04-16T01:34:57","slug":"revolver-co2-legends-s40-cal-45mm-diab-revolver-co2-legends-s40-cal-45mm-diab","status":"publish","type":"product","link":"https:\/\/zbranebudai.sk\/hu\/product\/revolver-co2-legends-s40-kal-45mm-diab\/","title":{"rendered":"Revolver CO2 Legends S40, kal. 4,5mm \u00e1tm\u00e9r\u0151j\u0171."},"content":{"rendered":"","protected":false},"excerpt":{"rendered":"<p>Revolver CO2 cal. 4,5mm - diabolky, opp. DA\/SA rendszer, teljesen f\u00e9m, \u00e1ll\u00edthat\u00f3 magass\u00e1g\u00fa \u00e9s oldals\u00f3 ir\u00e1nyz\u00e9kkal, teljes hossza 246 mm, cs\u0151 86 mm, s\u00falya 880 g, t\u00e1r 6 t\u00f6lt\u00e9nyre (a hengerbe t\u00f6lt\u00e9nyeket tartalmaz\u00f3 m\u0171patront helyeznek), mell\u00e9kelt gyorst\u00f6lt\u0151 \u00e9s als\u00f3 \u00e9s fels\u0151 Picatinny s\u00edn a zsebl\u00e1mpa vagy l\u00e9zeres ir\u00e1nyz\u00e9k \u00e9s kollim\u00e1tor felszerel\u00e9s\u00e9hez, stretch. Sebess\u00e9g ak\u00e1r 120 m\/s<\/p>","protected":false},"featured_media":7247,"template":"","meta":{"_gspb_post_css":""},"product_brand":[],"product_cat":[1967,1870,1824,1828],"product_tag":[],"class_list":{"0":"post-13850","1":"product","2":"type-product","3":"status-publish","4":"has-post-thumbnail","6":"product_cat-legends-revolvery-na-co2","7":"product_cat-revolvery-na-co2","8":"product_cat-zbrane-18-d","9":"product_cat-zbrane-na-co2","11":"first","12":"instock","13":"taxable","14":"shipping-taxable","15":"purchasable","16":"product-type-simple"},"ct_brands":[],"_links":{"self":[{"href":"https:\/\/zbranebudai.sk\/hu\/wp-json\/wp\/v2\/product\/13850","targetHints":{"allow":["GET"]}}],"collection":[{"href":"https:\/\/zbranebudai.sk\/hu\/wp-json\/wp\/v2\/product"}],"about":[{"href":"https:\/\/zbranebudai.sk\/hu\/wp-json\/wp\/v2\/types\/product"}],"wp:featuredmedia":[{"embeddable":true,"href":"https:\/\/zbranebudai.sk\/hu\/wp-json\/wp\/v2\/media\/7247"}],"wp:attachment":[{"href":"https:\/\/zbranebudai.sk\/hu\/wp-json\/wp\/v2\/media?parent=13850"}],"wp:term":[{"taxonomy":"product_brand","embeddable":true,"href":"https:\/\/zbranebudai.sk\/hu\/wp-json\/wp\/v2\/product_brand?post=13850"},{"taxonomy":"product_cat","embeddable":true,"href":"https:\/\/zbranebudai.sk\/hu\/wp-json\/wp\/v2\/product_cat?post=13850"},{"taxonomy":"product_tag","embeddable":true,"href":"https:\/\/zbranebudai.sk\/hu\/wp-json\/wp\/v2\/product_tag?post=13850"}],"curies":[{"name":"wp","href":"https:\/\/api.w.org\/{rel}","templated":true}]}}