{"id":13847,"date":"2025-02-17T17:55:32","date_gmt":"2025-02-17T15:55:32","guid":{"rendered":"https:\/\/zbranebudai.sk\/product\/revolver-co2-colt-saa-45-5-5-blued-kal-45mm-diab\/"},"modified":"2025-08-31T02:36:32","modified_gmt":"2025-08-31T00:36:32","slug":"revolver-co2-colt-saa-45-5-5-kekes-cal-45mm-diab","status":"publish","type":"product","link":"https:\/\/zbranebudai.sk\/hu\/product\/revolver-co2-colt-saa-45-5-5-blued-kal-45mm-diab\/","title":{"rendered":"CO2 Colt SAA .45-5.5\u2033 k\u00e9kes revolver, kaliber: .45-5.5\u2033. 4,5 mm \u00e1tm\u00e9r\u0151j\u0171."},"content":{"rendered":"<p>PARAM\u00c9TEREK:<\/p>\n<p>Energia: 3 J<br \/>\nMenetsebess\u00e9g: 115 m\/s<br \/>\nCs\u0151hossz: 140 mm<br \/>\nTeljes hossz: 275 mm<br \/>\nKapacit\u00e1s: 6<br \/>\nCO\u2082 bomba kapacit\u00e1sa: 60 l\u00f6v\u00e9s<br \/>\nS\u00faly: 867 g\u00a0<\/p>","protected":false},"excerpt":{"rendered":"<p>CO2 Colt SAA .45-5.5\u2033 k\u00e9kes revolver, kaliber: .45-5.5\u2033. 4,5 mm \u00e1tm\u00e9r\u0151j\u0171, a nyugati Peacemaker hiteles m\u00e1solata nem csak a t\u00f6rt\u00e9nelem szerelmeseinek. A gy\u00f6ny\u00f6r\u0171, teljesen f\u00e9mb\u0151l k\u00e9sz\u00fclt, f\u00e9nyes k\u00e9kes f\u00e9nyez\u00e9s\u0171 l\u00e9grevolver gy\u00f6ny\u00f6r\u0171 konstrukci\u00f3j\u00e1t f\u00e9nyes m\u0171anyag markolattal ell\u00e1tott, fa kivitel\u0171 markolat eg\u00e9sz\u00edti ki. Prec\u00edzi\u00f3s p\u00f6rgetett cs\u0151, min\u0151s\u00e9gi kivitelez\u00e9s, val\u00f3s\u00e1gh\u0171 t\u00f6lt\u00e9nykamr\u00e1k a henger kamr\u00e1iban, \u00e9s megfizethet\u0151 \u00e1r. A l\u00f6ved\u00e9k egy m\u0171t\u00e1rcs\u00e1ba van behelyezve.<\/p>","protected":false},"featured_media":7241,"template":"","meta":{"_gspb_post_css":""},"product_brand":[],"product_cat":[1948,1870,1824,1828],"product_tag":[],"class_list":{"0":"post-13847","1":"product","2":"type-product","3":"status-publish","4":"has-post-thumbnail","6":"product_cat-colt-revolvery-na-co2","7":"product_cat-revolvery-na-co2","8":"product_cat-zbrane-18-d","9":"product_cat-zbrane-na-co2","11":"first","12":"outofstock","13":"taxable","14":"shipping-taxable","15":"purchasable","16":"product-type-simple"},"ct_brands":[],"_links":{"self":[{"href":"https:\/\/zbranebudai.sk\/hu\/wp-json\/wp\/v2\/product\/13847","targetHints":{"allow":["GET"]}}],"collection":[{"href":"https:\/\/zbranebudai.sk\/hu\/wp-json\/wp\/v2\/product"}],"about":[{"href":"https:\/\/zbranebudai.sk\/hu\/wp-json\/wp\/v2\/types\/product"}],"wp:featuredmedia":[{"embeddable":true,"href":"https:\/\/zbranebudai.sk\/hu\/wp-json\/wp\/v2\/media\/7241"}],"wp:attachment":[{"href":"https:\/\/zbranebudai.sk\/hu\/wp-json\/wp\/v2\/media?parent=13847"}],"wp:term":[{"taxonomy":"product_brand","embeddable":true,"href":"https:\/\/zbranebudai.sk\/hu\/wp-json\/wp\/v2\/product_brand?post=13847"},{"taxonomy":"product_cat","embeddable":true,"href":"https:\/\/zbranebudai.sk\/hu\/wp-json\/wp\/v2\/product_cat?post=13847"},{"taxonomy":"product_tag","embeddable":true,"href":"https:\/\/zbranebudai.sk\/hu\/wp-json\/wp\/v2\/product_tag?post=13847"}],"curies":[{"name":"wp","href":"https:\/\/api.w.org\/{rel}","templated":true}]}}