{"id":13845,"date":"2025-02-17T17:55:32","date_gmt":"2025-02-17T15:55:32","guid":{"rendered":"https:\/\/zbranebudai.sk\/product\/zakladna-pre-montaz-pre-walther-lever-action-460-113\/"},"modified":"2026-04-01T22:48:19","modified_gmt":"2026-04-01T20:48:19","slug":"szereloalapzat-walther-karos-akciohoz-460-113","status":"publish","type":"product","link":"https:\/\/zbranebudai.sk\/hu\/product\/zakladna-pre-montaz-pre-walther-lever-action-460-113\/","title":{"rendered":"Szerel\u0151alap Walther karos fegyverhez (460.113)"},"content":{"rendered":"","protected":false},"excerpt":{"rendered":"<p>A Walther Lever Action CO2 pusk\u00e1khoz tervezett c\u00e9lt\u00e1vcs\u00f6vekhez (pl. rendel\u00e9si sz\u00e1m: 460.00.40). Az alap lehet\u0151v\u00e9 teszi mind a 11 mm-es, mind a weaver (picatinny) tart\u00f3 r\u00f6gz\u00edt\u00e9s\u00e9t.<\/p>","protected":false},"featured_media":7237,"template":"","meta":{"_gspb_post_css":""},"product_brand":[],"product_cat":[1833,1824,1828],"product_tag":[],"class_list":{"0":"post-13845","1":"product","2":"type-product","3":"status-publish","4":"has-post-thumbnail","6":"product_cat-co2-prislusenstvo","7":"product_cat-zbrane-18-d","8":"product_cat-zbrane-na-co2","10":"first","11":"outofstock","12":"taxable","13":"shipping-taxable","14":"purchasable","15":"product-type-simple"},"ct_brands":[],"_links":{"self":[{"href":"https:\/\/zbranebudai.sk\/hu\/wp-json\/wp\/v2\/product\/13845","targetHints":{"allow":["GET"]}}],"collection":[{"href":"https:\/\/zbranebudai.sk\/hu\/wp-json\/wp\/v2\/product"}],"about":[{"href":"https:\/\/zbranebudai.sk\/hu\/wp-json\/wp\/v2\/types\/product"}],"wp:featuredmedia":[{"embeddable":true,"href":"https:\/\/zbranebudai.sk\/hu\/wp-json\/wp\/v2\/media\/7237"}],"wp:attachment":[{"href":"https:\/\/zbranebudai.sk\/hu\/wp-json\/wp\/v2\/media?parent=13845"}],"wp:term":[{"taxonomy":"product_brand","embeddable":true,"href":"https:\/\/zbranebudai.sk\/hu\/wp-json\/wp\/v2\/product_brand?post=13845"},{"taxonomy":"product_cat","embeddable":true,"href":"https:\/\/zbranebudai.sk\/hu\/wp-json\/wp\/v2\/product_cat?post=13845"},{"taxonomy":"product_tag","embeddable":true,"href":"https:\/\/zbranebudai.sk\/hu\/wp-json\/wp\/v2\/product_tag?post=13845"}],"curies":[{"name":"wp","href":"https:\/\/api.w.org\/{rel}","templated":true}]}}