{"id":13835,"date":"2025-02-17T17:55:31","date_gmt":"2025-02-17T15:55:31","guid":{"rendered":"https:\/\/zbranebudai.sk\/product\/tesnenie-piestu-hammerli-hf-750-combo\/"},"modified":"2026-05-07T12:16:23","modified_gmt":"2026-05-07T10:16:23","slug":"hammerli-hf-750-combo-dugattyu-tomites","status":"publish","type":"product","link":"https:\/\/zbranebudai.sk\/hu\/product\/tesnenie-piestu-hammerli-hf-750-combo\/","title":{"rendered":"H\u00e4mmerli HF 750 Combo dugatty\u00fat\u00f6m\u00edt\u00e9s"},"content":{"rendered":"<p>V\u00e1s\u00e1rl\u00f3ink visszajelz\u00e9sei alapj\u00e1n ez a t\u00f6m\u00edt\u00e9s a Sl\u00e1via 630 l\u00e9gpusk\u00e1hoz is illik.<\/p>","protected":false},"excerpt":{"rendered":"<p>\u00c1tm\u00e9r\u0151: keskenyebb oldal 25 mm, sz\u00e9lesebb oldal 26 mm.<\/p>","protected":false},"featured_media":7204,"template":"","meta":{"_gspb_post_css":""},"product_brand":[],"product_cat":[1840,1839,1834,1824],"product_tag":[],"class_list":{"0":"post-13835","1":"product","2":"type-product","3":"status-publish","4":"has-post-thumbnail","6":"product_cat-nahradne-diely","7":"product_cat-prislusenstvo-a-nd","8":"product_cat-vzduchovky","9":"product_cat-zbrane-18-d","11":"first","12":"instock","13":"taxable","14":"shipping-taxable","15":"purchasable","16":"product-type-simple"},"ct_brands":[],"_links":{"self":[{"href":"https:\/\/zbranebudai.sk\/hu\/wp-json\/wp\/v2\/product\/13835","targetHints":{"allow":["GET"]}}],"collection":[{"href":"https:\/\/zbranebudai.sk\/hu\/wp-json\/wp\/v2\/product"}],"about":[{"href":"https:\/\/zbranebudai.sk\/hu\/wp-json\/wp\/v2\/types\/product"}],"wp:featuredmedia":[{"embeddable":true,"href":"https:\/\/zbranebudai.sk\/hu\/wp-json\/wp\/v2\/media\/7204"}],"wp:attachment":[{"href":"https:\/\/zbranebudai.sk\/hu\/wp-json\/wp\/v2\/media?parent=13835"}],"wp:term":[{"taxonomy":"product_brand","embeddable":true,"href":"https:\/\/zbranebudai.sk\/hu\/wp-json\/wp\/v2\/product_brand?post=13835"},{"taxonomy":"product_cat","embeddable":true,"href":"https:\/\/zbranebudai.sk\/hu\/wp-json\/wp\/v2\/product_cat?post=13835"},{"taxonomy":"product_tag","embeddable":true,"href":"https:\/\/zbranebudai.sk\/hu\/wp-json\/wp\/v2\/product_tag?post=13835"}],"curies":[{"name":"wp","href":"https:\/\/api.w.org\/{rel}","templated":true}]}}