{"id":13834,"date":"2025-02-17T17:55:31","date_gmt":"2025-02-17T15:55:31","guid":{"rendered":"https:\/\/zbranebudai.sk\/product\/svorka-na-zasobniky-sp5k-9x19\/"},"modified":"2026-04-23T06:24:17","modified_gmt":"2026-04-23T04:24:17","slug":"sp5k-9x19-hengerbilincs","status":"publish","type":"product","link":"https:\/\/zbranebudai.sk\/hu\/product\/svorka-na-zasobniky-sp5k-9x19\/","title":{"rendered":"SP5K, 9\u00d719, 9\u00d719 t\u00e1rszor\u00edt\u00f3"},"content":{"rendered":"","protected":false},"excerpt":{"rendered":"","protected":false},"featured_media":7198,"template":"","meta":{"_gspb_post_css":""},"product_brand":[],"product_cat":[1821,1867,1932,1820],"product_tag":[],"class_list":{"0":"post-13834","1":"product","2":"type-product","3":"status-publish","4":"has-post-thumbnail","6":"product_cat-gulovnice-zbrane-b-c","7":"product_cat-heckler-koch-gulovnice-zbrane-b-c","8":"product_cat-prislusenstvo-hk","9":"product_cat-zbrane-b-c","11":"first","12":"outofstock","13":"taxable","14":"shipping-taxable","15":"purchasable","16":"product-type-simple"},"ct_brands":[],"_links":{"self":[{"href":"https:\/\/zbranebudai.sk\/hu\/wp-json\/wp\/v2\/product\/13834","targetHints":{"allow":["GET"]}}],"collection":[{"href":"https:\/\/zbranebudai.sk\/hu\/wp-json\/wp\/v2\/product"}],"about":[{"href":"https:\/\/zbranebudai.sk\/hu\/wp-json\/wp\/v2\/types\/product"}],"wp:featuredmedia":[{"embeddable":true,"href":"https:\/\/zbranebudai.sk\/hu\/wp-json\/wp\/v2\/media\/7198"}],"wp:attachment":[{"href":"https:\/\/zbranebudai.sk\/hu\/wp-json\/wp\/v2\/media?parent=13834"}],"wp:term":[{"taxonomy":"product_brand","embeddable":true,"href":"https:\/\/zbranebudai.sk\/hu\/wp-json\/wp\/v2\/product_brand?post=13834"},{"taxonomy":"product_cat","embeddable":true,"href":"https:\/\/zbranebudai.sk\/hu\/wp-json\/wp\/v2\/product_cat?post=13834"},{"taxonomy":"product_tag","embeddable":true,"href":"https:\/\/zbranebudai.sk\/hu\/wp-json\/wp\/v2\/product_tag?post=13834"}],"curies":[{"name":"wp","href":"https:\/\/api.w.org\/{rel}","templated":true}]}}