{"id":13824,"date":"2025-02-17T17:55:29","date_gmt":"2025-02-17T15:55:29","guid":{"rendered":"https:\/\/zbranebudai.sk\/product\/konverzna-zasobnikova-sachta-pre-hk243-s-sar-s-tar-green-brown\/"},"modified":"2026-04-16T03:40:53","modified_gmt":"2026-04-16T01:40:53","slug":"atalakithato-kontener-vitorla-hk243-hoz-sar-s-katrany-zold-barna","status":"publish","type":"product","link":"https:\/\/zbranebudai.sk\/hu\/product\/konverzna-zasobnikova-sachta-pre-hk243-s-sar-s-tar-green-brown\/","title":{"rendered":"\u00c1talak\u00edt\u00f3 t\u00e1lca a HK243 S SAR\/S TAR Z\u00d6LD-BARNA sz\u00e1m\u00e1ra"},"content":{"rendered":"","protected":false},"excerpt":{"rendered":"<p>A HK243 S SAR\/S TAR pusk\u00e1khoz val\u00f3 \u00e1talak\u00edt\u00f3 t\u00e1rny\u00edl\u00e1s az MR223 puska t\u00e1rakhoz haszn\u00e1lhat\u00f3 (30n\/20n\/10n\/10n\/10n\/5n\/2n).<\/p>","protected":false},"featured_media":7178,"template":"","meta":{"_gspb_post_css":""},"product_brand":[],"product_cat":[1821,1867,1932,1820],"product_tag":[],"class_list":{"0":"post-13824","1":"product","2":"type-product","3":"status-publish","4":"has-post-thumbnail","6":"product_cat-gulovnice-zbrane-b-c","7":"product_cat-heckler-koch-gulovnice-zbrane-b-c","8":"product_cat-prislusenstvo-hk","9":"product_cat-zbrane-b-c","11":"first","12":"outofstock","13":"taxable","14":"shipping-taxable","15":"purchasable","16":"product-type-simple"},"ct_brands":[],"_links":{"self":[{"href":"https:\/\/zbranebudai.sk\/hu\/wp-json\/wp\/v2\/product\/13824","targetHints":{"allow":["GET"]}}],"collection":[{"href":"https:\/\/zbranebudai.sk\/hu\/wp-json\/wp\/v2\/product"}],"about":[{"href":"https:\/\/zbranebudai.sk\/hu\/wp-json\/wp\/v2\/types\/product"}],"wp:featuredmedia":[{"embeddable":true,"href":"https:\/\/zbranebudai.sk\/hu\/wp-json\/wp\/v2\/media\/7178"}],"wp:attachment":[{"href":"https:\/\/zbranebudai.sk\/hu\/wp-json\/wp\/v2\/media?parent=13824"}],"wp:term":[{"taxonomy":"product_brand","embeddable":true,"href":"https:\/\/zbranebudai.sk\/hu\/wp-json\/wp\/v2\/product_brand?post=13824"},{"taxonomy":"product_cat","embeddable":true,"href":"https:\/\/zbranebudai.sk\/hu\/wp-json\/wp\/v2\/product_cat?post=13824"},{"taxonomy":"product_tag","embeddable":true,"href":"https:\/\/zbranebudai.sk\/hu\/wp-json\/wp\/v2\/product_tag?post=13824"}],"curies":[{"name":"wp","href":"https:\/\/api.w.org\/{rel}","templated":true}]}}