{"id":13822,"date":"2025-02-17T17:55:28","date_gmt":"2025-02-17T15:55:28","guid":{"rendered":"https:\/\/zbranebudai.sk\/product\/blok-spatneho-narazu-t3x\/"},"modified":"2026-04-09T01:22:54","modified_gmt":"2026-04-08T23:22:54","slug":"t3x-holtjatek-blokk","status":"publish","type":"product","link":"https:\/\/zbranebudai.sk\/hu\/product\/blok-spatneho-narazu-t3x\/","title":{"rendered":"T3x visszar\u00fag\u00e1s blokk"},"content":{"rendered":"","protected":false},"excerpt":{"rendered":"<p>Kompatibilis a T3x \u00e9s T3, ac\u00e9l.<\/p>","protected":false},"featured_media":7166,"template":"","meta":{"_gspb_post_css":""},"product_brand":[],"product_cat":[1821,1947,1855,1854,1820],"product_tag":[],"class_list":{"0":"post-13822","1":"product","2":"type-product","3":"status-publish","4":"has-post-thumbnail","6":"product_cat-gulovnice-zbrane-b-c","7":"product_cat-nd","8":"product_cat-prislusenstvo-tikka","9":"product_cat-tikka","10":"product_cat-zbrane-b-c","12":"first","13":"instock","14":"taxable","15":"shipping-taxable","16":"purchasable","17":"product-type-simple"},"ct_brands":[],"_links":{"self":[{"href":"https:\/\/zbranebudai.sk\/hu\/wp-json\/wp\/v2\/product\/13822","targetHints":{"allow":["GET"]}}],"collection":[{"href":"https:\/\/zbranebudai.sk\/hu\/wp-json\/wp\/v2\/product"}],"about":[{"href":"https:\/\/zbranebudai.sk\/hu\/wp-json\/wp\/v2\/types\/product"}],"wp:featuredmedia":[{"embeddable":true,"href":"https:\/\/zbranebudai.sk\/hu\/wp-json\/wp\/v2\/media\/7166"}],"wp:attachment":[{"href":"https:\/\/zbranebudai.sk\/hu\/wp-json\/wp\/v2\/media?parent=13822"}],"wp:term":[{"taxonomy":"product_brand","embeddable":true,"href":"https:\/\/zbranebudai.sk\/hu\/wp-json\/wp\/v2\/product_brand?post=13822"},{"taxonomy":"product_cat","embeddable":true,"href":"https:\/\/zbranebudai.sk\/hu\/wp-json\/wp\/v2\/product_cat?post=13822"},{"taxonomy":"product_tag","embeddable":true,"href":"https:\/\/zbranebudai.sk\/hu\/wp-json\/wp\/v2\/product_tag?post=13822"}],"curies":[{"name":"wp","href":"https:\/\/api.w.org\/{rel}","templated":true}]}}