{"id":13821,"date":"2025-02-17T17:55:28","date_gmt":"2025-02-17T15:55:28","guid":{"rendered":"https:\/\/zbranebudai.sk\/product\/kryt-zaveru-t3x-t3\/"},"modified":"2026-04-09T01:22:54","modified_gmt":"2026-04-08T23:22:54","slug":"t3x-t3-zarofedel","status":"publish","type":"product","link":"https:\/\/zbranebudai.sk\/hu\/product\/kryt-zaveru-t3x-t3\/","title":{"rendered":"T3x\/T3 z\u00e1r\u00f3fed\u00e9l"},"content":{"rendered":"","protected":false},"excerpt":{"rendered":"<p>Fekete f\u00e9m z\u00e1r\u00f3fed\u00e9l Tikka T3x pusk\u00e1khoz. A Tikka T3 z\u00e1r\u00f3fedelekhez is haszn\u00e1lhat\u00f3 (a T3 z\u00e1r\u00f3fedelek m\u0171anyag z\u00e1r\u00f3fed\u00e9llel vannak ell\u00e1tva).<\/p>","protected":false},"featured_media":7164,"template":"","meta":{"_gspb_post_css":""},"product_brand":[],"product_cat":[1821,1947,1855,1854,1820],"product_tag":[],"class_list":{"0":"post-13821","1":"product","2":"type-product","3":"status-publish","4":"has-post-thumbnail","6":"product_cat-gulovnice-zbrane-b-c","7":"product_cat-nd","8":"product_cat-prislusenstvo-tikka","9":"product_cat-tikka","10":"product_cat-zbrane-b-c","12":"first","13":"outofstock","14":"taxable","15":"shipping-taxable","16":"purchasable","17":"product-type-simple"},"ct_brands":[],"_links":{"self":[{"href":"https:\/\/zbranebudai.sk\/hu\/wp-json\/wp\/v2\/product\/13821","targetHints":{"allow":["GET"]}}],"collection":[{"href":"https:\/\/zbranebudai.sk\/hu\/wp-json\/wp\/v2\/product"}],"about":[{"href":"https:\/\/zbranebudai.sk\/hu\/wp-json\/wp\/v2\/types\/product"}],"wp:featuredmedia":[{"embeddable":true,"href":"https:\/\/zbranebudai.sk\/hu\/wp-json\/wp\/v2\/media\/7164"}],"wp:attachment":[{"href":"https:\/\/zbranebudai.sk\/hu\/wp-json\/wp\/v2\/media?parent=13821"}],"wp:term":[{"taxonomy":"product_brand","embeddable":true,"href":"https:\/\/zbranebudai.sk\/hu\/wp-json\/wp\/v2\/product_brand?post=13821"},{"taxonomy":"product_cat","embeddable":true,"href":"https:\/\/zbranebudai.sk\/hu\/wp-json\/wp\/v2\/product_cat?post=13821"},{"taxonomy":"product_tag","embeddable":true,"href":"https:\/\/zbranebudai.sk\/hu\/wp-json\/wp\/v2\/product_tag?post=13821"}],"curies":[{"name":"wp","href":"https:\/\/api.w.org\/{rel}","templated":true}]}}